{"id":170,"date":"2022-11-09T12:33:21","date_gmt":"2022-11-09T12:33:21","guid":{"rendered":"https:\/\/lumi.albaagency.fr\/?page_id=170"},"modified":"2025-03-04T13:11:10","modified_gmt":"2025-03-04T13:11:10","slug":"presentation","status":"publish","type":"page","link":"https:\/\/m3c.universita.corsica\/lumi\/presentation\/","title":{"rendered":"Pr\u00e9sentation"},"content":{"rendered":"\t\t<div data-elementor-type=\"wp-page\" data-elementor-id=\"170\" class=\"elementor elementor-170\" data-elementor-post-type=\"page\">\n\t\t\t\t\t\t<section data-particle_enable=\"false\" data-particle-mobile-disabled=\"false\" class=\"elementor-section elementor-top-section elementor-element elementor-element-8b11152 elementor-section-boxed elementor-section-height-default elementor-section-height-default\" data-id=\"8b11152\" data-element_type=\"section\" data-e-type=\"section\" data-settings=\"{&quot;background_background&quot;:&quot;classic&quot;,&quot;background_motion_fx_motion_fx_scrolling&quot;:&quot;yes&quot;,&quot;background_motion_fx_scale_effect&quot;:&quot;yes&quot;,&quot;background_motion_fx_scale_direction&quot;:&quot;out-in&quot;,&quot;background_motion_fx_scale_speed&quot;:{&quot;unit&quot;:&quot;px&quot;,&quot;size&quot;:4,&quot;sizes&quot;:[]},&quot;background_motion_fx_scale_range&quot;:{&quot;unit&quot;:&quot;%&quot;,&quot;size&quot;:&quot;&quot;,&quot;sizes&quot;:{&quot;start&quot;:20,&quot;end&quot;:80}},&quot;background_motion_fx_devices&quot;:[&quot;desktop&quot;,&quot;tablet&quot;,&quot;mobile&quot;]}\">\n\t\t\t\t\t\t\t<div class=\"elementor-background-overlay\"><\/div>\n\t\t\t\t\t\t\t<div class=\"elementor-container elementor-column-gap-default\">\n\t\t\t\t\t<div class=\"elementor-column elementor-col-100 elementor-top-column elementor-element elementor-element-2a2d6734\" data-id=\"2a2d6734\" data-element_type=\"column\" data-e-type=\"column\">\n\t\t\t<div class=\"elementor-widget-wrap elementor-element-populated\">\n\t\t\t\t\t\t<div class=\"elementor-element elementor-element-58bc4485 elementor-widget elementor-widget-heading\" data-id=\"58bc4485\" data-element_type=\"widget\" data-e-type=\"widget\" data-widget_type=\"heading.default\">\n\t\t\t\t<div class=\"elementor-widget-container\">\n\t\t\t\t\t<h1 class=\"elementor-heading-title elementor-size-default\">Pr\u00e9sentation de la revue<\/h1>\t\t\t\t<\/div>\n\t\t\t\t<\/div>\n\t\t\t\t<div class=\"elementor-element elementor-element-900e359 elementor-widget elementor-widget-heading\" data-id=\"900e359\" data-element_type=\"widget\" data-e-type=\"widget\" data-widget_type=\"heading.default\">\n\t\t\t\t<div class=\"elementor-widget-container\">\n\t\t\t\t\t<h2 class=\"elementor-heading-title elementor-size-default\">Lumi<\/h2>\t\t\t\t<\/div>\n\t\t\t\t<\/div>\n\t\t\t\t<div class=\"elementor-element elementor-element-6c24d3a4 elementor-widget elementor-widget-text-editor\" data-id=\"6c24d3a4\" data-element_type=\"widget\" data-e-type=\"widget\" data-widget_type=\"text-editor.default\">\n\t\t\t\t<div class=\"elementor-widget-container\">\n\t\t\t\t\t\t\t\t\t<p>Cette revue s&rsquo;inscrit dans le sillon scientifique trac\u00e9 depuis 2014 \u00e0 l&rsquo;Universit\u00e9 de Corse et \u00e0 l&rsquo;UMR CNRS Lisa, \u00e0 travers le programme Paoli-Napol\u00e9on. Ce dernier a g\u00e9n\u00e9r\u00e9 de nombreux s\u00e9minaires et colloques internationaux organis\u00e9s dans une logique r\u00e9solument interdisciplinaire autour de ces deux grandes figures historiques, mais \u00e9galement des Lumi\u00e8res, des r\u00e9volutions, ainsi que de leurs post\u00e9rit\u00e9s jusqu&rsquo;\u00e0 nos jours. Les disciplines convoqu\u00e9es \u00e0 travers ces travaux sont nombreuses : histoire, droit, litt\u00e9rature, science politique, histoire des id\u00e9es, histoire de l&rsquo;imaginaire, mais \u00e9galement \u2013 dans une perspective de valorisation \u2013 les sciences de gestion et le d\u00e9veloppement territorial.<\/p><p>Un grand nombre de communications ont d&rsquo;ores et d\u00e9j\u00e0 \u00e9t\u00e9 publi\u00e9es ces derni\u00e8res ann\u00e9es. Toutefois, compte tenu de leur ampleur et de l&rsquo;int\u00e9r\u00eat qu&rsquo;ils suscitent \u2013 tant aupr\u00e8s des chercheurs que du public \u2013, les sujets concern\u00e9s apparaissent comme in\u00e9puisables.<\/p><p>C&rsquo;est la raison pour laquelle cette revue num\u00e9rique a vu le jour. En lien avec la M\u00e9diath\u00e8que Culturelle de la Corse et des Corses (M3C), elle assure une diffusion large et r\u00e9guli\u00e8re de travaux qui, sans le c\u00e9der en rien en fait de rigueur scientifique, sont susceptibles d&rsquo;int\u00e9resser un public nombreux, par-del\u00e0 le cadre strictement acad\u00e9mique. D&rsquo;autant que les th\u00e9matiques trait\u00e9es, qui puisent leur origine dans les XVIIIe et XIXe si\u00e8cles, ne sont pas sans lien avec les d\u00e9bats actuels : c&rsquo;est bien \u00e0 cette \u00e9poque que se sont cristallis\u00e9es les id\u00e9ologies ayant structur\u00e9, du point de vue culturel et politique, les divers pays occidentaux. Un seul exemple suffirait \u00e0 illustrer cela : les Lumi\u00e8res fran\u00e7aises et italiennes, dont les approches furent diff\u00e9rentes \u00e0 l&rsquo;\u00e9gard de la religion, ont g\u00e9n\u00e9r\u00e9 des formes de la\u00efcit\u00e9s distinctes observables de nos jours, la p\u00e9ninsule demeurant plut\u00f4t \u00e9loign\u00e9e de la \u00ab la\u00efcit\u00e9 de combat \u00bb assum\u00e9e par l&rsquo;hexagone. D&rsquo;autres sujets comme l&rsquo;\u00e9ducation, les types de d\u00e9mocraties ou les r\u00e9publicanismes permettent ais\u00e9ment de faire le lien entre le XVIIIe si\u00e8cle et aujourd&rsquo;hui&#8230;<\/p><p>Aussi, l&rsquo;ambition de LUMI est \u00e9galement d&rsquo;\u00e9voquer notre temps, mais encore de tracer des perspectives pour les d\u00e9cennies \u00e0 venir, tout particuli\u00e8rement dans l&rsquo;environnement g\u00e9opolitique qui est le n\u00f4tre.<\/p><p>C&rsquo;est pourquoi cette revue s&rsquo;inscrit pleinement dans le cadre de la chaire UNESCO de l&rsquo;Universit\u00e9 de Corse intitul\u00e9e \u00ab Devenirs en M\u00e9diterran\u00e9e \u00bb.<\/p>\t\t\t\t\t\t\t\t<\/div>\n\t\t\t\t<\/div>\n\t\t\t\t<div class=\"elementor-element elementor-element-e507121 elementor-widget elementor-widget-text-editor\" data-id=\"e507121\" data-element_type=\"widget\" data-e-type=\"widget\" data-widget_type=\"text-editor.default\">\n\t\t\t\t<div class=\"elementor-widget-container\">\n\t\t\t\t\t\t\t\t\t<p>Projet \u00ab\u00a0B3C &#8211;<em> Boost Cultural Competence in Corsica\u00a0\u00bb<\/em> est cofinanc\u00e9 par la Collectivit\u00e9 de Corse.<\/p><p>\u00a0<\/p>\t\t\t\t\t\t\t\t<\/div>\n\t\t\t\t<\/div>\n\t\t\t\t<div class=\"elementor-element elementor-element-73bd58c elementor-widget elementor-widget-image\" data-id=\"73bd58c\" data-element_type=\"widget\" data-e-type=\"widget\" data-widget_type=\"image.default\">\n\t\t\t\t<div class=\"elementor-widget-container\">\n\t\t\t\t\t\t\t\t\t\t\t\t\t\t\t<img decoding=\"async\" src=\"https:\/\/lumi.univ-corse.fr\/wp-content\/uploads\/elementor\/thumbs\/Logo-Collectivite-de-Corse-1-scaled-q3i8v3hq0z8ef16ky5f40b0jbwfnkwl97g7bh5g16c.jpg\" title=\"Logo Collectivit\u00e9 de Corse-1\" alt=\"Logo Collectivit\u00e9 de Corse-1\" loading=\"lazy\" \/>\t\t\t\t\t\t\t\t\t\t\t\t\t\t\t<\/div>\n\t\t\t\t<\/div>\n\t\t\t\t\t<\/div>\n\t\t<\/div>\n\t\t\t\t\t<\/div>\n\t\t<\/section>\n\t\t\t\t<\/div>\n\t\t","protected":false},"excerpt":{"rendered":"<p>Pr\u00e9sentation de la revue Lumi Cette revue s&rsquo;inscrit dans le sillon scientifique trac\u00e9 depuis 2014 \u00e0 l&rsquo;Universit\u00e9 de Corse et \u00e0 l&rsquo;UMR CNRS Lisa, \u00e0 travers le programme Paoli-Napol\u00e9on. Ce dernier a g\u00e9n\u00e9r\u00e9 de nombreux s\u00e9minaires et colloques internationaux organis\u00e9s dans une logique r\u00e9solument interdisciplinaire autour de ces deux grandes figures historiques, mais \u00e9galement des [&hellip;]<\/p>\n","protected":false},"author":2,"featured_media":0,"parent":0,"menu_order":0,"comment_status":"closed","ping_status":"closed","template":"","meta":{"_acf_changed":false,"footnotes":""},"class_list":["post-170","page","type-page","status-publish","hentry"],"acf":[],"_links":{"self":[{"href":"https:\/\/m3c.universita.corsica\/lumi\/wp-json\/wp\/v2\/pages\/170","targetHints":{"allow":["GET"]}}],"collection":[{"href":"https:\/\/m3c.universita.corsica\/lumi\/wp-json\/wp\/v2\/pages"}],"about":[{"href":"https:\/\/m3c.universita.corsica\/lumi\/wp-json\/wp\/v2\/types\/page"}],"author":[{"embeddable":true,"href":"https:\/\/m3c.universita.corsica\/lumi\/wp-json\/wp\/v2\/users\/2"}],"replies":[{"embeddable":true,"href":"https:\/\/m3c.universita.corsica\/lumi\/wp-json\/wp\/v2\/comments?post=170"}],"version-history":[{"count":42,"href":"https:\/\/m3c.universita.corsica\/lumi\/wp-json\/wp\/v2\/pages\/170\/revisions"}],"predecessor-version":[{"id":3926,"href":"https:\/\/m3c.universita.corsica\/lumi\/wp-json\/wp\/v2\/pages\/170\/revisions\/3926"}],"wp:attachment":[{"href":"https:\/\/m3c.universita.corsica\/lumi\/wp-json\/wp\/v2\/media?parent=170"}],"curies":[{"name":"wp","href":"https:\/\/api.w.org\/{rel}","templated":true}]}}