{"id":330,"date":"2022-11-21T22:58:44","date_gmt":"2022-11-21T22:58:44","guid":{"rendered":"https:\/\/lumi.albaagency.fr\/?page_id=330"},"modified":"2023-12-08T17:31:46","modified_gmt":"2023-12-08T17:31:46","slug":"rechercher","status":"publish","type":"page","link":"https:\/\/m3c.universita.corsica\/lumi\/rechercher\/","title":{"rendered":"Rechercher"},"content":{"rendered":"\t\t<div data-elementor-type=\"wp-page\" data-elementor-id=\"330\" class=\"elementor elementor-330\" data-elementor-post-type=\"page\">\n\t\t\t\t\t\t<section data-particle_enable=\"false\" data-particle-mobile-disabled=\"false\" class=\"elementor-section elementor-top-section elementor-element elementor-element-4599361 elementor-section-boxed elementor-section-height-default elementor-section-height-default\" data-id=\"4599361\" data-element_type=\"section\" data-e-type=\"section\">\n\t\t\t\t\t\t<div class=\"elementor-container elementor-column-gap-default\">\n\t\t\t\t\t<div class=\"elementor-column elementor-col-100 elementor-top-column elementor-element elementor-element-1d86ebe\" data-id=\"1d86ebe\" data-element_type=\"column\" data-e-type=\"column\">\n\t\t\t<div class=\"elementor-widget-wrap elementor-element-populated\">\n\t\t\t\t\t\t<div class=\"elementor-element elementor-element-e52b058 elementor-widget elementor-widget-heading\" data-id=\"e52b058\" data-element_type=\"widget\" data-e-type=\"widget\" data-widget_type=\"heading.default\">\n\t\t\t\t<div class=\"elementor-widget-container\">\n\t\t\t\t\t<h1 class=\"elementor-heading-title elementor-size-default\">Rechercher<\/h1>\t\t\t\t<\/div>\n\t\t\t\t<\/div>\n\t\t\t\t<div class=\"elementor-element elementor-element-b6a4ecd elementor-search-form--skin-classic elementor-search-form--button-type-icon elementor-search-form--icon-search elementor-widget elementor-widget-search-form\" data-id=\"b6a4ecd\" data-element_type=\"widget\" data-e-type=\"widget\" data-settings=\"{&quot;skin&quot;:&quot;classic&quot;}\" data-widget_type=\"search-form.default\">\n\t\t\t\t<div class=\"elementor-widget-container\">\n\t\t\t\t\t\t\t<search role=\"search\">\n\t\t\t<form class=\"elementor-search-form\" action=\"https:\/\/m3c.universita.corsica\/lumi\" method=\"get\">\n\t\t\t\t\t\t\t\t\t\t\t\t<div class=\"elementor-search-form__container\">\n\t\t\t\t\t<label class=\"elementor-screen-only\" for=\"elementor-search-form-b6a4ecd\">Rechercher <\/label>\n\n\t\t\t\t\t\n\t\t\t\t\t<input id=\"elementor-search-form-b6a4ecd\" placeholder=\"Rechercher\" class=\"elementor-search-form__input\" type=\"search\" name=\"s\" value=\"\">\n\t\t\t\t\t\n\t\t\t\t\t\t\t\t\t\t\t<button class=\"elementor-search-form__submit\" type=\"submit\" aria-label=\"Rechercher \">\n\t\t\t\t\t\t\t\t\t\t\t\t\t\t\t<i aria-hidden=\"true\" class=\"fas fa-search\"><\/i>\t\t\t\t\t\t\t\t\t\t\t\t\t<\/button>\n\t\t\t\t\t\n\t\t\t\t\t\t\t\t\t<\/div>\n\t\t\t<\/form>\n\t\t<\/search>\n\t\t\t\t\t\t<\/div>\n\t\t\t\t<\/div>\n\t\t\t\t\t<\/div>\n\t\t<\/div>\n\t\t\t\t\t<\/div>\n\t\t<\/section>\n\t\t\t\t<section data-particle_enable=\"false\" data-particle-mobile-disabled=\"false\" class=\"elementor-section elementor-top-section elementor-element elementor-element-1b536d7 elementor-section-full_width elementor-section-height-default elementor-section-height-default\" data-id=\"1b536d7\" data-element_type=\"section\" data-e-type=\"section\" data-settings=\"{&quot;background_background&quot;:&quot;classic&quot;,&quot;background_motion_fx_motion_fx_scrolling&quot;:&quot;yes&quot;,&quot;background_motion_fx_scale_effect&quot;:&quot;yes&quot;,&quot;background_motion_fx_scale_direction&quot;:&quot;out-in&quot;,&quot;background_motion_fx_scale_speed&quot;:{&quot;unit&quot;:&quot;px&quot;,&quot;size&quot;:4,&quot;sizes&quot;:[]},&quot;background_motion_fx_scale_range&quot;:{&quot;unit&quot;:&quot;%&quot;,&quot;size&quot;:&quot;&quot;,&quot;sizes&quot;:{&quot;start&quot;:20,&quot;end&quot;:80}},&quot;background_motion_fx_devices&quot;:[&quot;desktop&quot;,&quot;tablet&quot;,&quot;mobile&quot;]}\">\n\t\t\t\t\t\t\t<div class=\"elementor-background-overlay\"><\/div>\n\t\t\t\t\t\t\t<div class=\"elementor-container elementor-column-gap-default\">\n\t\t\t\t\t<div class=\"elementor-column elementor-col-50 elementor-top-column elementor-element elementor-element-e1b4845\" data-id=\"e1b4845\" data-element_type=\"column\" data-e-type=\"column\">\n\t\t\t<div class=\"elementor-widget-wrap elementor-element-populated\">\n\t\t\t\t\t\t<div class=\"elementor-element elementor-element-e419483 elementor-widget elementor-widget-heading\" data-id=\"e419483\" data-element_type=\"widget\" data-e-type=\"widget\" data-widget_type=\"heading.default\">\n\t\t\t\t<div class=\"elementor-widget-container\">\n\t\t\t\t\t<h2 class=\"elementor-heading-title elementor-size-default\">Lumi<\/h2>\t\t\t\t<\/div>\n\t\t\t\t<\/div>\n\t\t\t\t<div class=\"elementor-element elementor-element-e16135c elementor-widget elementor-widget-text-editor\" data-id=\"e16135c\" data-element_type=\"widget\" data-e-type=\"widget\" data-widget_type=\"text-editor.default\">\n\t\t\t\t<div class=\"elementor-widget-container\">\n\t\t\t\t\t\t\t\t\t<p>Cette revue s\u2019inscrit dans le sillon scientifique trac\u00e9 depuis 2014 \u00e0 l\u2019Universit\u00e9 de Corse et \u00e0 l\u2019UMR CNRS 6240 LISA, \u00e0 travers le projet Paoli-Napol\u00e9on. Ce dernier a g\u00e9n\u00e9r\u00e9 de nombreux s\u00e9minaires et colloques internationaux organis\u00e9s dans une logique r\u00e9solument transdisciplinaire autour de ces deux grandes figures historiques, mais \u00e9galement des Lumi\u00e8res, des r\u00e9volutions, ainsi que de leurs post\u00e9rit\u00e9s jusqu\u2019\u00e0 nos jours. Les disciplines convoqu\u00e9es \u00e0 travers ces travaux sont nombreuses : histoire, droit, litt\u00e9rature, science politique, histoire des id\u00e9es, histoire de l\u2019imaginaire, mais \u00e9galement \u2013 dans une perspective de valorisation \u2013 les sciences de gestion et le d\u00e9veloppement territorial&#8230;<\/p>\t\t\t\t\t\t\t\t<\/div>\n\t\t\t\t<\/div>\n\t\t\t\t<div class=\"elementor-element elementor-element-6861e2d elementor-widget elementor-widget-button\" data-id=\"6861e2d\" data-element_type=\"widget\" data-e-type=\"widget\" data-widget_type=\"button.default\">\n\t\t\t\t<div class=\"elementor-widget-container\">\n\t\t\t\t\t\t\t\t\t<div class=\"elementor-button-wrapper\">\n\t\t\t\t\t<a class=\"elementor-button elementor-button-link elementor-size-md\" href=\"\/lumi\/presentation\">\n\t\t\t\t\t\t<span class=\"elementor-button-content-wrapper\">\n\t\t\t\t\t\t\t\t\t<span class=\"elementor-button-text\">En savoir plus<\/span>\n\t\t\t\t\t<\/span>\n\t\t\t\t\t<\/a>\n\t\t\t\t<\/div>\n\t\t\t\t\t\t\t\t<\/div>\n\t\t\t\t<\/div>\n\t\t\t\t\t<\/div>\n\t\t<\/div>\n\t\t\t\t<div class=\"elementor-column elementor-col-50 elementor-top-column elementor-element elementor-element-2f66ab4\" data-id=\"2f66ab4\" data-element_type=\"column\" data-e-type=\"column\">\n\t\t\t<div class=\"elementor-widget-wrap elementor-element-populated\">\n\t\t\t\t\t\t<div class=\"elementor-element elementor-element-997c5db elementor-widget elementor-widget-text-editor\" data-id=\"997c5db\" data-element_type=\"widget\" data-e-type=\"widget\" data-widget_type=\"text-editor.default\">\n\t\t\t\t<div class=\"elementor-widget-container\">\n\t\t\t\t\t\t\t\t\t<p><strong>Rivista di studii nantu \u00e0 l&rsquo;et\u00e0 di i Lumi \u00e8 di e Rivoluzioni, \u00e8 nantu a so pusterit\u00e0.<\/strong><\/p><p>Revue d\u2019\u00e9tudes sur l\u2019\u00e2ge des Lumi\u00e8res et des R\u00e9volutions, ainsi que sur leur post\u00e9rit\u00e9.<\/p><p>Science journal about the age of Enlightment and the Revolutions as well as their posterity.<\/p><p>Rivista di studi sull&rsquo;Et\u00e0 dei Lumi e delle Rivoluzioni, e sulla loro posterit\u00e0.<\/p><p>Rivista de ist\u00f9dios in contu de s&rsquo;edade de sos Lumes e de sas rivolutziones e subra sa posteridade issoro.<\/p><p>Revisi\u00f3 dels estudis sobre la Il\u00b7lustraci\u00f3 i les Revolucions, i sobre la seva posteritat.<\/p><p>Revisi\u00f3n de estudios sobre el Siglo de las Luces y las Revoluciones, as\u00ed como sobre su posteridad.<\/p><p>\u0395\u03c0\u03b9\u03c3\u03c4\u03b7\u03bc\u03bf\u03bd\u03b9\u03ba\u03ae \u03b1\u03bd\u03b1\u03c3\u03ba\u03cc\u03c0\u03b7\u03c3\u03b7 \u03b3\u03b9\u03b1 \u03c4\u03b7\u03bd \u0395\u03c0\u03bf\u03c7\u03ae \u03c4\u03bf\u03c5 \u0394\u03b9\u03b1\u03c6\u03c9\u03c4\u03b9\u03c3\u03bc\u03bf\u03cd \u03ba\u03b1\u03b9 \u03c4\u03b9\u03c2 \u03b5\u03c0\u03b1\u03bd\u03b1\u03c3\u03c4\u03ac\u03c3\u03b5\u03b9\u03c2, \u03ba\u03b1\u03b8\u03ce\u03c2 \u03ba\u03b1\u03b9 \u03c4\u03b9\u03c2 \u03b5\u03c0\u03b9\u03c0\u03c4\u03ce\u03c3\u03b5\u03b9\u03c2 \u03c4\u03bf\u03c5\u03c2.<\/p><p>\u05db\u05ea\u05d1 \u05e2\u05ea \u05de\u05d3\u05e2\u05d9 \u05e2\u05dc \u05e2\u05d9\u05d3\u05df \u05d4\u05e0\u05d0\u05d5\u05e8\u05d5\u05ea \u05d5\u05d4\u05de\u05d4\u05e4\u05db\u05d5\u05ea, \u05db\u05de\u05d5 \u05d2\u05dd \u05d4\u05e9\u05e4\u05e2\u05d5\u05ea\u05d9\u05d4\u05dd.<\/p><p>\u0645\u064e\u062c\u064e\u0644\u0651\u064e\u0629 \u0627\u0644\u062f\u0651\u0650\u0631\u0627\u0633\u064e\u0627\u062a \u062d\u064e\u0648\u0652\u0644\u064e \u0639\u064e\u0635\u0652\u0631\u0650 \u0627\u0644\u062a\u0651\u064e\u0646\u0652\u0648\u0650\u064a\u0631 \u0648\u0627\u0644\u062b\u0651\u064e\u0648\u0652\u0631\u064e\u0627\u062a\u0648\u0627\u0644\u0623\u064e\u062c\u0652\u064a\u0627\u0644 \u0627\u0644\u0644\u0651\u064e\u0627\u062d\u0650\u0642\u064e\u0629<\/p>\t\t\t\t\t\t\t\t<\/div>\n\t\t\t\t<\/div>\n\t\t\t\t\t<\/div>\n\t\t<\/div>\n\t\t\t\t\t<\/div>\n\t\t<\/section>\n\t\t\t\t<\/div>\n\t\t","protected":false},"excerpt":{"rendered":"<p>Rechercher Lumi Cette revue s\u2019inscrit dans le sillon scientifique trac\u00e9 depuis 2014 \u00e0 l\u2019Universit\u00e9 de Corse et \u00e0 l\u2019UMR CNRS 6240 LISA, \u00e0 travers le projet Paoli-Napol\u00e9on. Ce dernier a g\u00e9n\u00e9r\u00e9 de nombreux s\u00e9minaires et colloques internationaux organis\u00e9s dans une logique r\u00e9solument transdisciplinaire autour de ces deux grandes figures historiques, mais \u00e9galement des Lumi\u00e8res, des [&hellip;]<\/p>\n","protected":false},"author":2,"featured_media":0,"parent":0,"menu_order":0,"comment_status":"closed","ping_status":"closed","template":"","meta":{"_acf_changed":false,"footnotes":""},"class_list":["post-330","page","type-page","status-publish","hentry"],"acf":[],"_links":{"self":[{"href":"https:\/\/m3c.universita.corsica\/lumi\/wp-json\/wp\/v2\/pages\/330","targetHints":{"allow":["GET"]}}],"collection":[{"href":"https:\/\/m3c.universita.corsica\/lumi\/wp-json\/wp\/v2\/pages"}],"about":[{"href":"https:\/\/m3c.universita.corsica\/lumi\/wp-json\/wp\/v2\/types\/page"}],"author":[{"embeddable":true,"href":"https:\/\/m3c.universita.corsica\/lumi\/wp-json\/wp\/v2\/users\/2"}],"replies":[{"embeddable":true,"href":"https:\/\/m3c.universita.corsica\/lumi\/wp-json\/wp\/v2\/comments?post=330"}],"version-history":[{"count":12,"href":"https:\/\/m3c.universita.corsica\/lumi\/wp-json\/wp\/v2\/pages\/330\/revisions"}],"predecessor-version":[{"id":2018,"href":"https:\/\/m3c.universita.corsica\/lumi\/wp-json\/wp\/v2\/pages\/330\/revisions\/2018"}],"wp:attachment":[{"href":"https:\/\/m3c.universita.corsica\/lumi\/wp-json\/wp\/v2\/media?parent=330"}],"curies":[{"name":"wp","href":"https:\/\/api.w.org\/{rel}","templated":true}]}}