{"id":589,"date":"2022-12-12T17:07:07","date_gmt":"2022-12-12T17:07:07","guid":{"rendered":"https:\/\/lumi.albaagency.fr\/?page_id=589"},"modified":"2026-05-08T09:03:30","modified_gmt":"2026-05-08T09:03:30","slug":"appel-a-contributions","status":"publish","type":"page","link":"https:\/\/m3c.universita.corsica\/lumi\/appel-a-contributions\/","title":{"rendered":"Appel \u00e0 contributions relatif au prochain num\u00e9ro de Lumi"},"content":{"rendered":"\t\t<div data-elementor-type=\"wp-page\" data-elementor-id=\"589\" class=\"elementor elementor-589\" data-elementor-post-type=\"page\">\n\t\t\t\t<div data-particle_enable=\"false\" data-particle-mobile-disabled=\"false\" class=\"elementor-element elementor-element-ab939a9 e-flex e-con-boxed e-con e-parent\" data-id=\"ab939a9\" data-element_type=\"container\" data-e-type=\"container\">\n\t\t\t\t\t<div class=\"e-con-inner\">\n\t\t\t\t<div class=\"elementor-element elementor-element-0f9ff6d elementor-widget elementor-widget-heading\" data-id=\"0f9ff6d\" data-element_type=\"widget\" data-e-type=\"widget\" data-widget_type=\"heading.default\">\n\t\t\t\t<div class=\"elementor-widget-container\">\n\t\t\t\t\t<h1 class=\"elementor-heading-title elementor-size-default\">Appel \u00e0 contributions relatif au(x) prochain(s) num\u00e9ro(s) de Lumi<\/h1>\t\t\t\t<\/div>\n\t\t\t\t<\/div>\n\t\t\t\t\t<\/div>\n\t\t\t\t<\/div>\n\t\t<div data-particle_enable=\"false\" data-particle-mobile-disabled=\"false\" class=\"elementor-element elementor-element-d842bd6 e-flex e-con-boxed e-con e-parent\" data-id=\"d842bd6\" data-element_type=\"container\" data-e-type=\"container\">\n\t\t\t\t\t<div class=\"e-con-inner\">\n\t\t\t\t<div class=\"elementor-element elementor-element-22611f0 elementor-widget elementor-widget-heading\" data-id=\"22611f0\" data-element_type=\"widget\" data-e-type=\"widget\" data-widget_type=\"heading.default\">\n\t\t\t\t<div class=\"elementor-widget-container\">\n\t\t\t\t\t<h2 class=\"elementor-heading-title elementor-size-default\"><br>Les Lumi\u00e8res face \u00e0 l\u2019\u00e9v\u00e9nement Anthropoc\u00e8ne, un nouvel enjeu \u00e9ducatif ?<\/h2>\t\t\t\t<\/div>\n\t\t\t\t<\/div>\n\t\t\t\t<div class=\"elementor-element elementor-element-13d643d elementor-widget elementor-widget-text-editor\" data-id=\"13d643d\" data-element_type=\"widget\" data-e-type=\"widget\" data-widget_type=\"text-editor.default\">\n\t\t\t\t<div class=\"elementor-widget-container\">\n\t\t\t\t\t\t\t\t\t<h3><strong>R\u00e9sum\u00e9<\/strong><\/h3><div id=\"texte\"><div id=\"resume\"><div id=\"resume-1357329-fr\" class=\"tabContent\" lang=\"fr\" xml:lang=\"fr\"><p data-start=\"201\" data-end=\"714\">Le colloque LUMI \u2013 octobre 2026 interroge les crises contemporaines du progr\u00e8s et de la rationalit\u00e9 \u00e0 la lumi\u00e8re de l\u2019Anthropoc\u00e8ne, entendu comme une nouvelle \u00e8re g\u00e9ologique caract\u00e9ris\u00e9e par l\u2019impact global des activit\u00e9s humaines sur les dynamiques terrestres. Il met en discussion l\u2019h\u00e9ritage des Lumi\u00e8res et la conception moderne du rapport entre l\u2019homme et la nature, dans un contexte marqu\u00e9 par les d\u00e9r\u00e8glements climatiques, l\u2019\u00e9rosion de la biodiversit\u00e9 et les tensions civilisationnelles qui en r\u00e9sultent.<\/p><p data-start=\"201\" data-end=\"714\">Colloque international organis\u00e9 par le laboratoire LISA (UMR CNRS 6240), Universit\u00e0 di Corsica Pasquale Paoli, en partenariat avec la revue LUMI.<br \/><strong>Colloque LUMI, 15 et 16 octobre 2026 Universit\u00e0 di Corsica Pasquale Paoli \u2013 Corte<\/strong><\/p><\/div><\/div><\/div>\t\t\t\t\t\t\t\t<\/div>\n\t\t\t\t<\/div>\n\t\t\t\t<div class=\"elementor-element elementor-element-30cd600 elementor-widget elementor-widget-text-editor\" data-id=\"30cd600\" data-element_type=\"widget\" data-e-type=\"widget\" data-widget_type=\"text-editor.default\">\n\t\t\t\t<div class=\"elementor-widget-container\">\n\t\t\t\t\t\t\t\t\t<p>Toutes les informations disponible via ce lien : <a href=\"https:\/\/calenda.org\/1357329\">https:\/\/calenda.org\/1357329<\/a><\/p>\t\t\t\t\t\t\t\t<\/div>\n\t\t\t\t<\/div>\n\t\t\t\t<div class=\"elementor-element elementor-element-b6f4fac elementor-widget-divider--view-line elementor-widget elementor-widget-divider\" data-id=\"b6f4fac\" data-element_type=\"widget\" data-e-type=\"widget\" data-widget_type=\"divider.default\">\n\t\t\t\t<div class=\"elementor-widget-container\">\n\t\t\t\t\t\t\t<div class=\"elementor-divider\">\n\t\t\t<span class=\"elementor-divider-separator\">\n\t\t\t\t\t\t<\/span>\n\t\t<\/div>\n\t\t\t\t\t\t<\/div>\n\t\t\t\t<\/div>\n\t\t\t\t<div class=\"elementor-element elementor-element-9b029fb elementor-widget elementor-widget-heading\" data-id=\"9b029fb\" data-element_type=\"widget\" data-e-type=\"widget\" data-widget_type=\"heading.default\">\n\t\t\t\t<div class=\"elementor-widget-container\">\n\t\t\t\t\t<h2 class=\"elementor-heading-title elementor-size-default\"><br>Litt\u00e9rature des Lumi\u00e8res et Lumi\u00e8res dans la litt\u00e9rature : perspectives m\u00e9diterran\u00e9ennes<\/h2>\t\t\t\t<\/div>\n\t\t\t\t<\/div>\n\t\t\t\t<div class=\"elementor-element elementor-element-e9055ed elementor-widget elementor-widget-text-editor\" data-id=\"e9055ed\" data-element_type=\"widget\" data-e-type=\"widget\" data-widget_type=\"text-editor.default\">\n\t\t\t\t<div class=\"elementor-widget-container\">\n\t\t\t\t\t\t\t\t\t<h3><strong>R\u00e9sum\u00e9<\/strong><\/h3><div id=\"texte\"><div id=\"resume\"><div id=\"resume-1357329-fr\" class=\"tabContent\" lang=\"fr\" xml:lang=\"fr\"><p>Ce colloque propose d\u2019explorer les relations entre litt\u00e9rature et pens\u00e9e des Lumi\u00e8res dans l\u2019espace m\u00e9diterran\u00e9en. Il s\u2019agit d\u2019interroger la mani\u00e8re dont les formes litt\u00e9raires ont contribu\u00e9 \u00e0 l\u2019\u00e9laboration, \u00e0 la circulation et \u00e0 la critique des id\u00e9es des Lumi\u00e8res, ainsi que leur post\u00e9rit\u00e9 dans les productions litt\u00e9raires ult\u00e9rieures. Une attention particuli\u00e8re sera port\u00e9e aux dynamiques transm\u00e9diterran\u00e9ennes, aux circulations culturelles et aux tensions entre universalit\u00e9 des principes et contextes historiques.<\/p><p><strong>Dates et lieu : 12 et 13 avril 2027 Universit\u00e0 di Corsica Pasquale Paoli \u2013 Corte<br \/><\/strong>Colloque international organis\u00e9 par le laboratoire LISA (UMR CNRS 6240), Universit\u00e0 di Corsica Pasquale Paoli, en partenariat avec la revue LUMI.<\/p><\/div><\/div><div id=\"annonce\"><div id=\"annonce-1357329-fr\" class=\"tabContent\" lang=\"fr\" xml:lang=\"fr\">\u00a0<\/div><\/div><\/div>\t\t\t\t\t\t\t\t<\/div>\n\t\t\t\t<\/div>\n\t\t\t\t<div class=\"elementor-element elementor-element-fd0b682 elementor-widget elementor-widget-text-editor\" data-id=\"fd0b682\" data-element_type=\"widget\" data-e-type=\"widget\" data-widget_type=\"text-editor.default\">\n\t\t\t\t<div class=\"elementor-widget-container\">\n\t\t\t\t\t\t\t\t\t<p>Toutes les informations disponible via ce lien : <a href=\"https:\/\/calenda.org\/1376662\">https:\/\/calenda.org\/1376662<\/a><\/p>\t\t\t\t\t\t\t\t<\/div>\n\t\t\t\t<\/div>\n\t\t\t\t\t<\/div>\n\t\t\t\t<\/div>\n\t\t<div data-particle_enable=\"false\" data-particle-mobile-disabled=\"false\" class=\"elementor-element elementor-element-851a2e3 e-flex e-con-boxed e-con e-parent\" data-id=\"851a2e3\" data-element_type=\"container\" data-e-type=\"container\">\n\t\t\t\t\t<div class=\"e-con-inner\">\n\t\t\t\t<div class=\"elementor-element elementor-element-872316c elementor-widget-divider--view-line elementor-widget elementor-widget-divider\" data-id=\"872316c\" data-element_type=\"widget\" data-e-type=\"widget\" data-widget_type=\"divider.default\">\n\t\t\t\t<div class=\"elementor-widget-container\">\n\t\t\t\t\t\t\t<div class=\"elementor-divider\">\n\t\t\t<span class=\"elementor-divider-separator\">\n\t\t\t\t\t\t<\/span>\n\t\t<\/div>\n\t\t\t\t\t\t<\/div>\n\t\t\t\t<\/div>\n\t\t\t\t<div class=\"elementor-element elementor-element-24c3c86 elementor-widget elementor-widget-heading\" data-id=\"24c3c86\" data-element_type=\"widget\" data-e-type=\"widget\" data-widget_type=\"heading.default\">\n\t\t\t\t<div class=\"elementor-widget-container\">\n\t\t\t\t\t<h3 class=\"elementor-heading-title elementor-size-default\">Proc\u00e9dure de s\u00e9lection des textes<\/h3>\t\t\t\t<\/div>\n\t\t\t\t<\/div>\n\t\t\t\t<div class=\"elementor-element elementor-element-1666478 elementor-widget elementor-widget-text-editor\" data-id=\"1666478\" data-element_type=\"widget\" data-e-type=\"widget\" data-widget_type=\"text-editor.default\">\n\t\t\t\t<div class=\"elementor-widget-container\">\n\t\t\t\t\t\t\t\t\t<p>Chaque num\u00e9ro de la revue Lumi comporte un dossier central contenant les actes du colloque international pr\u00e9c\u00e9dent (les actes du colloque d&rsquo;octobre sont publi\u00e9s dans le num\u00e9ro de d\u00e9cembre\/janvier et ceux du colloque d&rsquo;avril sont publi\u00e9s dans le num\u00e9ro de juillet).<\/p><p>Les appels \u00e0 contribution pour le colloque sont notamment publi\u00e9s sur Calenda.<\/p><p><strong>Premi\u00e8re \u00e9valuation :<\/strong><\/p><p>Les propositions de participation au colloque re\u00e7ues sont \u00e9valu\u00e9es en double aveugle. Les intervenants accept\u00e9s sont pri\u00e9s d&rsquo;envoyer leurs textes \u00e0 une date ant\u00e9rieure \u00e0 celle du colloque.<\/p><p><strong>Deuxi\u00e8me \u00e9valuation :<\/strong><\/p><p>Les textes re\u00e7us sont \u00e0 nouveau \u00e9valu\u00e9s en double aveugle par des membres du comit\u00e9 d&rsquo;\u00e9valuation, auxquels s&rsquo;ajoutent souvent des \u00e9valuateurs ext\u00e9rieurs.<\/p><p>Ainsi, ce sont deux \u00e9valuations en double aveugle qui sont op\u00e9r\u00e9es successivement : \u00eatre accept\u00e9 au colloque ne signifie pas \u00eatre publi\u00e9 dans la revue Lumi.<\/p>\t\t\t\t\t\t\t\t<\/div>\n\t\t\t\t<\/div>\n\t\t\t\t<div class=\"elementor-element elementor-element-48c772d elementor-widget elementor-widget-heading\" data-id=\"48c772d\" data-element_type=\"widget\" data-e-type=\"widget\" data-widget_type=\"heading.default\">\n\t\t\t\t<div class=\"elementor-widget-container\">\n\t\t\t\t\t<h3 class=\"elementor-heading-title elementor-size-default\">Feuille de style<\/h3>\t\t\t\t<\/div>\n\t\t\t\t<\/div>\n\t\t\t\t<div class=\"elementor-element elementor-element-3a0ad48 elementor-widget elementor-widget-button\" data-id=\"3a0ad48\" data-element_type=\"widget\" data-e-type=\"widget\" data-widget_type=\"button.default\">\n\t\t\t\t<div class=\"elementor-widget-container\">\n\t\t\t\t\t\t\t\t\t<div class=\"elementor-button-wrapper\">\n\t\t\t\t\t<a class=\"elementor-button elementor-button-link elementor-size-sm\" href=\"\/lumi\/wp-content\/uploads\/2022\/12\/Feuille-de-style.docx\">\n\t\t\t\t\t\t<span class=\"elementor-button-content-wrapper\">\n\t\t\t\t\t\t\t\t\t<span class=\"elementor-button-text\">T\u00e9l\u00e9charger<\/span>\n\t\t\t\t\t<\/span>\n\t\t\t\t\t<\/a>\n\t\t\t\t<\/div>\n\t\t\t\t\t\t\t\t<\/div>\n\t\t\t\t<\/div>\n\t\t\t\t<div class=\"elementor-element elementor-element-a518a5e elementor-widget elementor-widget-heading\" data-id=\"a518a5e\" data-element_type=\"widget\" data-e-type=\"widget\" data-widget_type=\"heading.default\">\n\t\t\t\t<div class=\"elementor-widget-container\">\n\t\t\t\t\t<h3 class=\"elementor-heading-title elementor-size-default\">Formulaire d'envoi<\/h3>\t\t\t\t<\/div>\n\t\t\t\t<\/div>\n\t\t\t\t<div class=\"elementor-element elementor-element-9a928ef elementor-button-align-stretch elementor-widget elementor-widget-form\" data-id=\"9a928ef\" data-element_type=\"widget\" data-e-type=\"widget\" data-settings=\"{&quot;step_next_label&quot;:&quot;Suivant&quot;,&quot;step_previous_label&quot;:&quot;Pr\\u00e9c\\u00e9dent&quot;,&quot;button_width&quot;:&quot;100&quot;,&quot;step_type&quot;:&quot;number_text&quot;,&quot;step_icon_shape&quot;:&quot;circle&quot;}\" data-widget_type=\"form.default\">\n\t\t\t\t<div class=\"elementor-widget-container\">\n\t\t\t\t\t\t\t<form class=\"elementor-form\" method=\"post\" name=\"Nouveau formulaire\" aria-label=\"Nouveau formulaire\">\n\t\t\t<input type=\"hidden\" name=\"post_id\" value=\"589\"\/>\n\t\t\t<input type=\"hidden\" name=\"form_id\" value=\"9a928ef\"\/>\n\t\t\t<input type=\"hidden\" name=\"referer_title\" value=\"Appel \u00e0 contributions relatif au prochain num\u00e9ro de Lumi\" \/>\n\n\t\t\t\t\t\t\t<input type=\"hidden\" name=\"queried_id\" value=\"589\"\/>\n\t\t\t\n\t\t\t<div class=\"elementor-form-fields-wrapper elementor-labels-above\">\n\t\t\t\t\t\t\t\t<div class=\"elementor-field-type-text elementor-field-group elementor-column elementor-field-group-name elementor-col-50 elementor-field-required\">\n\t\t\t\t\t\t\t\t\t\t\t\t\t<input size=\"1\" type=\"text\" name=\"form_fields[name]\" id=\"form-field-name\" class=\"elementor-field elementor-size-sm  elementor-field-textual\" placeholder=\"Nom et Pr\u00e9nom\" required=\"required\">\n\t\t\t\t\t\t\t\t\t\t\t<\/div>\n\t\t\t\t\t\t\t\t<div class=\"elementor-field-type-email elementor-field-group elementor-column elementor-field-group-email elementor-col-50 elementor-field-required\">\n\t\t\t\t\t\t\t\t\t\t\t\t\t<input size=\"1\" type=\"email\" name=\"form_fields[email]\" id=\"form-field-email\" class=\"elementor-field elementor-size-sm  elementor-field-textual\" placeholder=\"E-mail\" required=\"required\">\n\t\t\t\t\t\t\t\t\t\t\t<\/div>\n\t\t\t\t\t\t\t\t<div class=\"elementor-field-type-text elementor-field-group elementor-column elementor-field-group-message elementor-col-100 elementor-field-required\">\n\t\t\t\t\t\t\t\t\t\t\t\t\t<input size=\"1\" type=\"text\" name=\"form_fields[message]\" id=\"form-field-message\" class=\"elementor-field elementor-size-sm  elementor-field-textual\" placeholder=\"Objet du message\" required=\"required\">\n\t\t\t\t\t\t\t\t\t\t\t<\/div>\n\t\t\t\t\t\t\t\t<div class=\"elementor-field-type-textarea elementor-field-group elementor-column elementor-field-group-field_f1eaada elementor-col-100 elementor-field-required\">\n\t\t\t\t\t<textarea class=\"elementor-field-textual elementor-field  elementor-size-sm\" name=\"form_fields[field_f1eaada]\" id=\"form-field-field_f1eaada\" rows=\"4\" placeholder=\"Votre message\" required=\"required\"><\/textarea>\t\t\t\t<\/div>\n\t\t\t\t\t\t\t\t<div class=\"elementor-field-type-upload elementor-field-group elementor-column elementor-field-group-field_60795b0 elementor-col-100 elementor-field-required\">\n\t\t\t\t\t\t\t\t\t\t\t\t<label for=\"form-field-field_60795b0\" class=\"elementor-field-label\">\n\t\t\t\t\t\t\t\tFichiers autoris\u00e9s (Word et PDF), Taille maximum : 25Mo\t\t\t\t\t\t\t<\/label>\n\t\t\t\t\t\t\t\t<input type=\"file\" name=\"form_fields[field_60795b0][]\" id=\"form-field-field_60795b0\" class=\"elementor-field elementor-size-sm  elementor-upload-field\" required=\"required\" multiple=\"multiple\" data-maxsize=\"25\" data-maxsize-message=\"Ce fichier d\u00e9passe la taille maximale autoris\u00e9e.\">\n\n\t\t\t\t\t\t<\/div>\n\t\t\t\t\t\t\t\t<div class=\"elementor-field-group elementor-column elementor-field-type-submit elementor-col-100 e-form__buttons\">\n\t\t\t\t\t<button class=\"elementor-button elementor-size-sm\" type=\"submit\">\n\t\t\t\t\t\t<span class=\"elementor-button-content-wrapper\">\n\t\t\t\t\t\t\t\t\t\t\t\t\t\t\t\t\t\t\t\t\t\t<span class=\"elementor-button-text\">Envoyer<\/span>\n\t\t\t\t\t\t\t\t\t\t\t\t\t<\/span>\n\t\t\t\t\t<\/button>\n\t\t\t\t<\/div>\n\t\t\t<\/div>\n\t\t<\/form>\n\t\t\t\t\t\t<\/div>\n\t\t\t\t<\/div>\n\t\t\t\t\t<\/div>\n\t\t\t\t<\/div>\n\t\t<div data-particle_enable=\"false\" data-particle-mobile-disabled=\"false\" class=\"elementor-element elementor-element-dd50d14 e-flex e-con-boxed e-con e-parent\" data-id=\"dd50d14\" data-element_type=\"container\" data-e-type=\"container\" data-settings=\"{&quot;background_background&quot;:&quot;classic&quot;}\">\n\t\t\t\t\t<div class=\"e-con-inner\">\n\t\t<div data-particle_enable=\"false\" data-particle-mobile-disabled=\"false\" class=\"elementor-element elementor-element-21bf95d e-con-full e-flex e-con e-child\" data-id=\"21bf95d\" data-element_type=\"container\" data-e-type=\"container\">\n\t\t\t\t<div class=\"elementor-element elementor-element-05a759f elementor-widget elementor-widget-heading\" data-id=\"05a759f\" data-element_type=\"widget\" data-e-type=\"widget\" data-widget_type=\"heading.default\">\n\t\t\t\t<div class=\"elementor-widget-container\">\n\t\t\t\t\t<h2 class=\"elementor-heading-title elementor-size-default\">Lumi<\/h2>\t\t\t\t<\/div>\n\t\t\t\t<\/div>\n\t\t\t\t<div class=\"elementor-element elementor-element-7dabdab elementor-widget elementor-widget-text-editor\" data-id=\"7dabdab\" data-element_type=\"widget\" data-e-type=\"widget\" data-widget_type=\"text-editor.default\">\n\t\t\t\t<div class=\"elementor-widget-container\">\n\t\t\t\t\t\t\t\t\t<p>Cette revue s\u2019inscrit dans le sillon scientifique trac\u00e9 depuis 2014 \u00e0 l\u2019Universit\u00e9 de Corse et \u00e0 l\u2019UMR CNRS Lisa, \u00e0 travers le projet Paoli-Napol\u00e9on. Ce dernier a g\u00e9n\u00e9r\u00e9 de nombreux s\u00e9minaires et colloques internationaux organis\u00e9s dans une logique r\u00e9solument transdisciplinaire autour de ces deux grandes figures historiques, mais \u00e9galement des Lumi\u00e8res, des r\u00e9volutions, ainsi que de leurs post\u00e9rit\u00e9s jusqu\u2019\u00e0 nos jours. Les disciplines convoqu\u00e9es \u00e0 travers ces travaux sont nombreuses : histoire, droit, litt\u00e9rature, science politique, histoire des id\u00e9es, histoire de l\u2019imaginaire, mais \u00e9galement \u2013 dans une perspective de valorisation \u2013 les sciences de gestion et le d\u00e9veloppement territorial&#8230;.<\/p>\t\t\t\t\t\t\t\t<\/div>\n\t\t\t\t<\/div>\n\t\t\t\t<div class=\"elementor-element elementor-element-a1dbb5b elementor-widget elementor-widget-button\" data-id=\"a1dbb5b\" data-element_type=\"widget\" data-e-type=\"widget\" data-widget_type=\"button.default\">\n\t\t\t\t<div class=\"elementor-widget-container\">\n\t\t\t\t\t\t\t\t\t<div class=\"elementor-button-wrapper\">\n\t\t\t\t\t<a class=\"elementor-button elementor-button-link elementor-size-sm\" href=\"https:\/\/m3c.universita.corsica\/lumi\/presentation\/\">\n\t\t\t\t\t\t<span class=\"elementor-button-content-wrapper\">\n\t\t\t\t\t\t\t\t\t<span class=\"elementor-button-text\">En savoir plus<\/span>\n\t\t\t\t\t<\/span>\n\t\t\t\t\t<\/a>\n\t\t\t\t<\/div>\n\t\t\t\t\t\t\t\t<\/div>\n\t\t\t\t<\/div>\n\t\t\t\t<\/div>\n\t\t<div data-particle_enable=\"false\" data-particle-mobile-disabled=\"false\" class=\"elementor-element elementor-element-230d7df e-con-full e-flex e-con e-child\" data-id=\"230d7df\" data-element_type=\"container\" data-e-type=\"container\">\n\t\t\t\t<div class=\"elementor-element elementor-element-12a09b2 elementor-widget elementor-widget-text-editor\" data-id=\"12a09b2\" data-element_type=\"widget\" data-e-type=\"widget\" data-widget_type=\"text-editor.default\">\n\t\t\t\t<div class=\"elementor-widget-container\">\n\t\t\t\t\t\t\t\t\t<p><strong>Rivista di studii nantu \u00e0 l&rsquo;et\u00e0 di i Lumi \u00e8 di e Rivoluzioni, \u00e8 nantu a so pusterit\u00e0.<\/strong><\/p><p>Revue d\u2019\u00e9tudes sur l\u2019\u00e2ge des Lumi\u00e8res et des R\u00e9volutions, ainsi que sur leur post\u00e9rit\u00e9.<\/p><p>Science journal about the age of Enlightment and the Revolutions as well as their posterity.<\/p><p>Rivista di studi sull&rsquo;Et\u00e0 dei Lumi e delle Rivoluzioni, e sulla loro posterit\u00e0.<\/p><p>Rivista de ist\u00f9dios in contu de s&rsquo;edade de sos Lumes e de sas rivolutziones e subra sa posteridade issoro.<\/p><p>Revista dels estudis sobre la Il\u00b7lustraci\u00f3 i les Revolucions, i sobre la seva posteritat.<\/p><p>Revista de estudios sobre el Siglo de las Luces y las Revoluciones, as\u00ed como sobre su posteridad.<\/p><p>\u0395\u03c0\u03b9\u03c3\u03c4\u03b7\u03bc\u03bf\u03bd\u03b9\u03ba\u03ae \u03b1\u03bd\u03b1\u03c3\u03ba\u03cc\u03c0\u03b7\u03c3\u03b7 \u03b3\u03b9\u03b1 \u03c4\u03b7\u03bd \u0395\u03c0\u03bf\u03c7\u03ae \u03c4\u03bf\u03c5 \u0394\u03b9\u03b1\u03c6\u03c9\u03c4\u03b9\u03c3\u03bc\u03bf\u03cd \u03ba\u03b1\u03b9 \u03c4\u03b9\u03c2 \u03b5\u03c0\u03b1\u03bd\u03b1\u03c3\u03c4\u03ac\u03c3\u03b5\u03b9\u03c2, \u03ba\u03b1\u03b8\u03ce\u03c2 \u03ba\u03b1\u03b9 \u03c4\u03b9\u03c2 \u03b5\u03c0\u03b9\u03c0\u03c4\u03ce\u03c3\u03b5\u03b9\u03c2 \u03c4\u03bf\u03c5\u03c2.<\/p><p>\u05db\u05ea\u05d1 \u05e2\u05ea \u05de\u05d3\u05e2\u05d9 \u05e2\u05dc \u05e2\u05d9\u05d3\u05df \u05d4\u05e0\u05d0\u05d5\u05e8\u05d5\u05ea \u05d5\u05d4\u05de\u05d4\u05e4\u05db\u05d5\u05ea, \u05db\u05de\u05d5 \u05d2\u05dd \u05d4\u05e9\u05e4\u05e2\u05d5\u05ea\u05d9\u05d4\u05dd.<\/p><p>\u0645\u064e\u062c\u064e\u0644\u0651\u064e\u0629 \u0627\u0644\u062f\u0651\u0650\u0631\u0627\u0633\u064e\u0627\u062a \u062d\u064e\u0648\u0652\u0644\u064e \u0639\u064e\u0635\u0652\u0631\u0650 \u0627\u0644\u062a\u0651\u064e\u0646\u0652\u0648\u0650\u064a\u0631 \u0648\u0627\u0644\u062b\u0651\u064e\u0648\u0652\u0631\u064e\u0627\u062a\u0648\u0627\u0644\u0623\u064e\u062c\u0652\u064a\u0627\u0644 \u0627\u0644\u0644\u0651\u064e\u0627\u062d\u0650\u0642\u064e\u0629<\/p>\t\t\t\t\t\t\t\t<\/div>\n\t\t\t\t<\/div>\n\t\t\t\t<\/div>\n\t\t\t\t\t<\/div>\n\t\t\t\t<\/div>\n\t\t\t\t<\/div>\n\t\t","protected":false},"excerpt":{"rendered":"<p>Appel \u00e0 contributions relatif au(x) prochain(s) num\u00e9ro(s) de Lumi Les Lumi\u00e8res face \u00e0 l\u2019\u00e9v\u00e9nement Anthropoc\u00e8ne, un nouvel enjeu \u00e9ducatif ? R\u00e9sum\u00e9 Le colloque LUMI \u2013 octobre 2026 interroge les crises contemporaines du progr\u00e8s et de la rationalit\u00e9 \u00e0 la lumi\u00e8re de l\u2019Anthropoc\u00e8ne, entendu comme une nouvelle \u00e8re g\u00e9ologique caract\u00e9ris\u00e9e par l\u2019impact global des activit\u00e9s humaines [&hellip;]<\/p>\n","protected":false},"author":2,"featured_media":0,"parent":0,"menu_order":0,"comment_status":"closed","ping_status":"closed","template":"","meta":{"_acf_changed":false,"footnotes":""},"class_list":["post-589","page","type-page","status-publish","hentry"],"acf":[],"_links":{"self":[{"href":"https:\/\/m3c.universita.corsica\/lumi\/wp-json\/wp\/v2\/pages\/589","targetHints":{"allow":["GET"]}}],"collection":[{"href":"https:\/\/m3c.universita.corsica\/lumi\/wp-json\/wp\/v2\/pages"}],"about":[{"href":"https:\/\/m3c.universita.corsica\/lumi\/wp-json\/wp\/v2\/types\/page"}],"author":[{"embeddable":true,"href":"https:\/\/m3c.universita.corsica\/lumi\/wp-json\/wp\/v2\/users\/2"}],"replies":[{"embeddable":true,"href":"https:\/\/m3c.universita.corsica\/lumi\/wp-json\/wp\/v2\/comments?post=589"}],"version-history":[{"count":93,"href":"https:\/\/m3c.universita.corsica\/lumi\/wp-json\/wp\/v2\/pages\/589\/revisions"}],"predecessor-version":[{"id":5440,"href":"https:\/\/m3c.universita.corsica\/lumi\/wp-json\/wp\/v2\/pages\/589\/revisions\/5440"}],"wp:attachment":[{"href":"https:\/\/m3c.universita.corsica\/lumi\/wp-json\/wp\/v2\/media?parent=589"}],"curies":[{"name":"wp","href":"https:\/\/api.w.org\/{rel}","templated":true}]}}