{"id":624,"date":"2022-12-13T22:42:31","date_gmt":"2022-12-13T22:42:31","guid":{"rendered":"https:\/\/lumi.albaagency.fr\/?page_id=624"},"modified":"2025-10-30T10:14:27","modified_gmt":"2025-10-30T10:14:27","slug":"mentions-legales","status":"publish","type":"page","link":"https:\/\/m3c.universita.corsica\/lumi\/mentions-legales\/","title":{"rendered":"Mentions L\u00e9gales"},"content":{"rendered":"\n<h2 class=\"wp-block-heading\">CR\u00c9DITS ET MENTIONS L\u00c9GALES<\/h2>\n\n\n\n<h2 class=\"wp-block-heading\">1. \u00c9diteur<\/h2>\n\n\n\n<p>Le site&nbsp;<em>M\u00e9diath\u00e8que Culturelle de la Corse et des Corses<\/em>&nbsp;est produit par le laboratoire \u00ab\u00a0Lieux, Identit\u00e9s, eSpaces, Activit\u00e9s\u00a0\u00bb (UMR&nbsp;6240 LISA), Universit\u00e0 di Corsica Pasquale Paoli, Avenue Jean Nicoli BP 52 20250 CORTE<\/p>\n\n\n\n<h2 class=\"wp-block-heading\">2. Directeur de publication<\/h2>\n\n\n\n<p>Eug\u00e8ne <strong>Gherardi<\/strong>, Professeur des Universit\u00e9s, Directeur du laboratoire \u00ab\u00a0Lieux, Identit\u00e9s, eSpaces, Activit\u00e9s\u00a0\u00bb (UMR\u00a06240 LISA)<\/p>\n\n\n\n<h2 class=\"wp-block-heading\">3. Responsabilit\u00e9 scientifique<\/h2>\n\n\n\n<p>Jean-Guy <strong>Talamoni<\/strong>, enseignant-chercheur HDR \u00e0 l\u2019Universit\u00e9 de Corse, laboratoire \u00ab\u00a0Lieux, Identit\u00e9s, eSpaces, Activit\u00e9s\u00a0\u00bb (UMR\u00a06240 LISA)<\/p>\n\n\n\n<h2 class=\"wp-block-heading\">4. Responsabilit\u00e9s technique&nbsp;et \u00e9ditoriale<\/h2>\n\n\n\n<p>La&nbsp;<em>M\u00e9diath\u00e8que Culturelle de la Corse et des Corses<\/em>&nbsp;s\u2019efforce d\u2019assurer au mieux de ses possibilit\u00e9s, l\u2019exactitude et la mise \u00e0 jour des informations diffus\u00e9es sur ce site, dont elle se r\u00e9serve le droit de corriger, \u00e0 tout moment et sans pr\u00e9avis, le contenu. Le site&nbsp;<em>M\u00e9diath\u00e8que Culturelle de la Corse et des Corses<\/em>&nbsp;d\u00e9cline toute responsabilit\u00e9 :<\/p>\n\n\n\n<ul class=\"wp-block-list\">\n<li>pour toute interruption, suspension ou dysfonctionnement du site<\/li>\n\n\n\n<li>apparition de probl\u00e8mes techniques<\/li>\n\n\n\n<li>pour toute inexactitude ou omission portant sur des informations disponibles sur le site ;<\/li>\n<\/ul>\n\n\n\n<h2 class=\"wp-block-heading\">5. Donn\u00e9es personnelles<\/h2>\n\n\n\n<p>Nous veillons \u00e0 la protection des donn\u00e9es personnelles que vous nous transmettez. Nous vous invitons \u00e0 consulter la&nbsp;<a href=\"https:\/\/m3c.universita.corsica\/s\/fr\/page\/politique-de-confidentialite\">charte \u00ab Donn\u00e9es personnelles \u00bb<\/a>&nbsp;qui d\u00e9crit la politique du site&nbsp;<em>M\u00e9diath\u00e8que Culturelle de la Corse et des Corses<\/em>&nbsp;en mati\u00e8re de protection des donn\u00e9es personnelles.<\/p>\n\n\n\n<h2 class=\"wp-block-heading\">6. Liens<\/h2>\n\n\n\n<p>Le site peut inclure des liens vers d\u2019autres sites Web ou d\u2019autres sources Internet. Dans la mesure o\u00f9 le site&nbsp;<em>M\u00e9diath\u00e8que Culturelle de la Corse et des Corses<\/em>&nbsp;ne peut contr\u00f4ler ces sites et ces sources externes, l&rsquo;UMR 6240&nbsp;LISA&nbsp;ne peut \u00eatre tenu pour responsable de la mise \u00e0 disposition de ces sites et sources externes, et ne peut supporter aucune responsabilit\u00e9 quant au contenu, services ou tout autre mat\u00e9riel disponible sur ou \u00e0 partir de son site ou sources externes.<\/p>\n\n\n\n<h2 class=\"wp-block-heading\">7. Droit de propri\u00e9t\u00e9 du Site Internet<\/h2>\n\n\n\n<p>L\u2019ensemble de ce site rel\u00e8ve de la l\u00e9gislation internationale sur le droit d\u2019auteur et, de fa\u00e7on g\u00e9n\u00e9rale, sur la propri\u00e9t\u00e9 intellectuelle, aussi bien en ce qui concerne sa forme (choix, plan, moyens d\u2019acc\u00e8s aux donn\u00e9es, base de donn\u00e9es ou toute organisation des donn\u00e9es\u2026), qu\u2019en ce qui concerne chacun des \u00e9l\u00e9ments de son contenu (textes, images, vid\u00e9o, sons etc\u2026). La reproduction de tout contenu publi\u00e9 sur le site est seulement autoris\u00e9e aux fins exclusives d\u2019information pour un usage personnel et priv\u00e9. Toute reproduction, toute extraction ou toute utilisation de contenu r\u00e9alis\u00e9 \u00e0 d\u2019autres fins \u00e9tant express\u00e9ment interdites. Par exception, certains contenus (textes, images, vid\u00e9o) sont la propri\u00e9t\u00e9 de leurs auteurs respectifs.<\/p>\n\n\n\n<p>Nous avons d\u00e9ploy\u00e9 nos meilleurs efforts afin de respecter la l\u00e9gislation applicable en mati\u00e8re de droit d\u2019auteur et de droit \u00e0 l\u2019image et \u00e9galement afin d&rsquo;obtenir le consentement des titulaires des droits. Toutefois, vous seriez aimable de bien vouloir nous contacter au cas o\u00f9 nous aurions utilis\u00e9 tout support dont vous \u00eates le propri\u00e9taire ou l&rsquo;ayant-droit.<\/p>\n\n\n\n<h2 class=\"wp-block-heading\">8. H\u00e9bergement du site&nbsp;<\/h2>\n\n\n\n<p>Laboratoire \u00ab\u00a0Lieux, Identit\u00e9s, eSpaces, Activit\u00e9s\u00a0\u00bb (UMR 6240 LISA) &#8211; Universit\u00e0 di Corsica Pasquale Paoli<br>Campus Mariani, b\u00e2timent Edmond Simeoni, avenue Jean Nicoli&nbsp;20250 CORTE<\/p>\n\n\n\n<h2 class=\"wp-block-heading\">9. Conception et r\u00e9alisation du site&nbsp;<\/h2>\n\n\n\n<p><a href=\"https:\/\/cortographique.corsica\/\">Cortographique<\/a> : M. <strong>Cortopassi <\/strong>Jean-Daniel<br>Alba Agency : M. <strong>Luciani <\/strong>Jean-S\u00e9bastien<\/p>\n\n\n\n<p><\/p>\n","protected":false},"excerpt":{"rendered":"<p>CR\u00c9DITS ET MENTIONS L\u00c9GALES 1. \u00c9diteur Le site&nbsp;M\u00e9diath\u00e8que Culturelle de la Corse et des Corses&nbsp;est produit par le laboratoire \u00ab\u00a0Lieux, Identit\u00e9s, eSpaces, Activit\u00e9s\u00a0\u00bb (UMR&nbsp;6240 LISA), Universit\u00e0 di Corsica Pasquale Paoli, Avenue Jean Nicoli BP 52 20250 CORTE 2. Directeur de publication Eug\u00e8ne Gherardi, Professeur des Universit\u00e9s, Directeur du laboratoire \u00ab\u00a0Lieux, Identit\u00e9s, eSpaces, Activit\u00e9s\u00a0\u00bb (UMR\u00a06240 LISA) [&hellip;]<\/p>\n","protected":false},"author":2,"featured_media":0,"parent":0,"menu_order":0,"comment_status":"closed","ping_status":"closed","template":"","meta":{"_acf_changed":false,"footnotes":""},"class_list":["post-624","page","type-page","status-publish","hentry"],"acf":[],"_links":{"self":[{"href":"https:\/\/m3c.universita.corsica\/lumi\/wp-json\/wp\/v2\/pages\/624","targetHints":{"allow":["GET"]}}],"collection":[{"href":"https:\/\/m3c.universita.corsica\/lumi\/wp-json\/wp\/v2\/pages"}],"about":[{"href":"https:\/\/m3c.universita.corsica\/lumi\/wp-json\/wp\/v2\/types\/page"}],"author":[{"embeddable":true,"href":"https:\/\/m3c.universita.corsica\/lumi\/wp-json\/wp\/v2\/users\/2"}],"replies":[{"embeddable":true,"href":"https:\/\/m3c.universita.corsica\/lumi\/wp-json\/wp\/v2\/comments?post=624"}],"version-history":[{"count":2,"href":"https:\/\/m3c.universita.corsica\/lumi\/wp-json\/wp\/v2\/pages\/624\/revisions"}],"predecessor-version":[{"id":4987,"href":"https:\/\/m3c.universita.corsica\/lumi\/wp-json\/wp\/v2\/pages\/624\/revisions\/4987"}],"wp:attachment":[{"href":"https:\/\/m3c.universita.corsica\/lumi\/wp-json\/wp\/v2\/media?parent=624"}],"curies":[{"name":"wp","href":"https:\/\/api.w.org\/{rel}","templated":true}]}}