{"id":626,"date":"2022-12-13T22:43:35","date_gmt":"2022-12-13T22:43:35","guid":{"rendered":"https:\/\/lumi.albaagency.fr\/?page_id=626"},"modified":"2022-12-13T22:43:35","modified_gmt":"2022-12-13T22:43:35","slug":"politique-de-confidentialite","status":"publish","type":"page","link":"https:\/\/m3c.universita.corsica\/lumi\/politique-de-confidentialite\/","title":{"rendered":"Politique de confidentialit\u00e9"},"content":{"rendered":"\n<p>La pr\u00e9sente politique relative \u00e0 la protection des donn\u00e9es personnelles (ci-apr\u00e8s la charte \u00ab Donn\u00e9es personnelles \u00bb) a pour objet d\u2019informer les Utilisateurs (ci-apr\u00e8s \u00ab L\u2019Utilisateur \u00bb) du site Internet&nbsp;<a href=\"https:\/\/m3c.univ-corse.fr\/\">https:\/\/m3c.universita.corsica<\/a>&nbsp;(ci-apr\u00e8s, ensemble, le \u00ab Site Internet \u00bb) sur les modalit\u00e9s selon lesquelles l&rsquo;UMR CNRS 6240 LISA, Universit\u00e0&nbsp;di&nbsp;Corsica Pasquale Paoli, Avenue Jean Nicoli BP 52, 20250 CORTE (ci-apr\u00e8s \u00ab L\u2019\u00c9diteur \u00bb) proc\u00e8de au traitement des donn\u00e9es de l\u2019utilisateur (ci-apr\u00e8s les \u00ab Donn\u00e9es Personnelles \u00bb ou les \u00ab Donn\u00e9es \u00bb) et sur les droits dont l\u2019utilisateur dispose \u00e0 cet \u00e9gard.<\/p>\n\n\n\n<p>L\u2019\u00c9diteur accorde la plus grande importance et le plus grand soin \u00e0 la protection des Donn\u00e9es Personnelles de l&rsquo;Utilisateur.<\/p>\n\n\n\n<h2 class=\"wp-block-heading\">1. Qu\u2019est-ce qu\u2019une \u00ab donn\u00e9e personnelle \u00bb ?<\/h2>\n\n\n\n<p>Une Donn\u00e9e Personnelle d\u00e9signe toute information ou ensemble d\u2019informations permettant d\u2019identifier l\u2019Utilisateur directement ou indirectement.<\/p>\n\n\n\n<h2 class=\"wp-block-heading\">2. Qui sont les responsables du traitement charg\u00e9s de prot\u00e9ger les Donn\u00e9es Personnelles de l\u2019Utilisateur ?<\/h2>\n\n\n\n<p>L\u2019\u00c9diteur est le responsable du traitement des donn\u00e9es du Site Internet.<\/p>\n\n\n\n<p>L\u2019\u00c9diteur a d\u00e9sign\u00e9 un D\u00e9l\u00e9gu\u00e9 \u00e0 la Protection des Donn\u00e9es Personnelles (DPO) qui sera joignable en utilisant le formulaire de contact accessible \u00e0 l\u2019adresse&nbsp;<a href=\"https:\/\/m3c.universita.corsica\/s\/fr\/page\/contact\">https:\/\/m3c.universita.corsica\/s\/fr\/page\/contact<\/a>&nbsp;ou par courrier \u00e0 l\u2019adresse suivante : D\u00e9l\u00e9gu\u00e9 \u00e0 la Protection des Donn\u00e9es Personnelles de l&rsquo;UMR CNRS 6240 LISA, Universit\u00e0&nbsp;di&nbsp;Corsica Pasquale Paoli, Avenue Jean Nicoli BP 52, 20250 CORTE<\/p>\n\n\n\n<h2 class=\"wp-block-heading\">3. Les usages des Donn\u00e9es Personnelles collect\u00e9es ?<\/h2>\n\n\n\n<h3 class=\"wp-block-heading\">3.1 Comment sont collect\u00e9es les Donn\u00e9es Personnelles de l\u2019Utilisateur ?<\/h3>\n\n\n\n<p>L\u2019\u00c9diteur collecte les Donn\u00e9es Personnelles de l\u2019Utilisateur selon les modalit\u00e9s suivantes :<\/p>\n\n\n\n<ul class=\"wp-block-list\">\n<li>directement aupr\u00e8s de l\u2019Utilisateur lorsqu\u2019il utilise le Site Internet et ses&nbsp;services (en remplissant diff\u00e9rents formulaires figurant sur le Site Internet ;<\/li>\n\n\n\n<li>automatiquement lorsque l\u2019Utilisateur acc\u00e8de au Site Internet ou lorsque qu\u2019il l\u2019utilise (donn\u00e9es techniques, adresse IP, informations relatives \u00e0 votre navigation, etc.).<\/li>\n<\/ul>\n\n\n\n<h3 class=\"wp-block-heading\">3.2 Quelles sont les Donn\u00e9es collect\u00e9es ?<\/h3>\n\n\n\n<p>Sont collect\u00e9es : Les Donn\u00e9es Personnelles que l\u2019\u00c9diteur collecte directement aupr\u00e8s de l\u2019Utilisateur.<\/p>\n\n\n\n<p>L\u2019\u00c9diteur collecte les Donn\u00e9es Personnelles que l\u2019Utilisateur communique directement lorsqu\u2019il utilise notre Site Internet. Notamment lorsque l\u2019Utilisateur : interagit avec l\u2019\u00c9diteur via le formulaire de contact, s\u2019inscrit pour recevoir notre newsletter ;<\/p>\n\n\n\n<p>Les cat\u00e9gories de Donn\u00e9es Personnelles collect\u00e9es sont :<\/p>\n\n\n\n<ul class=\"wp-block-list\">\n<li>les informations d\u2019identification et de contact : \u00e0 savoir, nom, pr\u00e9nom, adresse email. L\u2019\u00c9diteur collecte et conserve ces Donn\u00e9es uniquement dans le cadre de notre gestion des Utilisateurs et ne les utilisent \u00e0 aucune autre fin, notamment \u00e0 des fins commerciales.<\/li>\n\n\n\n<li>les Donn\u00e9es Personnelles collect\u00e9es automatiquement : l\u2019\u00c9diteur collecte automatiquement certaines Donn\u00e9es Personnelles de l\u2019Utilisateur lorsqu\u2019il acc\u00e8de au Site Internet ou lorsqu\u2019il utilise :<\/li>\n\n\n\n<li>les Donn\u00e9es Techniques : l\u2019\u00c9diteur collecte des informations relatives \u00e0 l\u2019appareil que l\u2019Utilisateur utilise afin de se connecter et \u00e0 son utilisation du Site Internet (telles que le type de navigateur, l\u2019utilisation ou non d\u2019un proxy, l\u2019adresse IP, etc.),<\/li>\n<\/ul>\n\n\n\n<h3 class=\"wp-block-heading\">3.3 Cadre de collecte des Donn\u00e9es Personnelles<\/h3>\n\n\n\n<p>L\u2019\u00c9diteur collecte des Donn\u00e9es Personnelles que lorsqu\u2019il dispose d\u2019un fondement l\u00e9gal \u00e0 cet effet.<\/p>\n\n\n\n<p>Les Donn\u00e9es Personnelles sont collect\u00e9es soit :<\/p>\n\n\n\n<ol class=\"wp-block-list\">\n<li>sur la base de votre consentement,<\/li>\n\n\n\n<li>dans notre int\u00e9r\u00eat l\u00e9gitime,<\/li>\n\n\n\n<li>pour r\u00e9pondre aux&nbsp;obligations l\u00e9gales.<\/li>\n<\/ol>\n\n\n\n<p>(1) L\u2019\u00c9diteur collecte des Donn\u00e9es Personnelles sur la base du consentement de l\u2019Utilisateur pour : R\u00e9pondre aux demandes et aux questions de l\u2019Utilisateur<\/p>\n\n\n\n<p>(2) L\u2019\u00c9diteur collecte des Donn\u00e9es Personnelles sur la base de notre int\u00e9r\u00eat l\u00e9gitime pour :<\/p>\n\n\n\n<ul class=\"wp-block-list\">\n<li>assurer la d\u00e9fense des int\u00e9r\u00eats de l&rsquo;\u00c9diteur&nbsp;en cas de litige ou d\u2019action en justice,<\/li>\n\n\n\n<li>g\u00e9rer la cybers\u00e9curit\u00e9 du Site Internet,<\/li>\n\n\n\n<li>pr\u00e9venir les agissements frauduleux afin d\u2019assurer la s\u00e9curit\u00e9 des actifs et contenus du Site Internet.<\/li>\n<\/ul>\n\n\n\n<p>(3) L\u2019\u00c9diteur peut \u00e9galement \u00eatre amen\u00e9s \u00e0 conserver les Donn\u00e9es Personnelles de l\u2019Utilisateur lorsque la loi le lui permet.<\/p>\n\n\n\n<h3 class=\"wp-block-heading\">3.4 Qui a acc\u00e8s aux Donn\u00e9es des Utilisateurs ?<\/h3>\n\n\n\n<p>3.4.1&nbsp;Accessibilit\u00e9 au sein de l\u2019\u00c9diteur<\/p>\n\n\n\n<p>Les Donn\u00e9es des Utilisateurs sont trait\u00e9es par l\u2019\u00c9diteur pour les finalit\u00e9s vis\u00e9es ci-dessus et ne sont accessibles qu\u2019aux membres du personnel de l\u2019UMR CNRS 6240 LISA ayant besoin d\u2019en avoir connaissance dans le cadre de l\u2019exercice de leurs fonctions.<\/p>\n\n\n\n<p>3.4.2&nbsp;Accessibilit\u00e9 par des tiers<\/p>\n\n\n\n<p>Les Donn\u00e9es des Utilisateurs peuvent \u00e9galement \u00eatre rendues accessibles \u00e0 des tiers \u00e0 savoir :<\/p>\n\n\n\n<p>(1) les sous-traitants et prestataires de services intervenant pour des raisons techniques et logistiques (transporteurs, prestataires d\u2019h\u00e9bergement, de s\u00e9curit\u00e9 et de maintenance du Site Internet, prestataires techniques en charge de l\u2019envoi des courriels et newsletters, fournisseurs de services anti-spams et anti-robots ;<\/p>\n\n\n\n<p>(2) toute autorit\u00e9, toute juridiction ou tout autre tiers lorsqu\u2019une telle communication est requise par la loi.<\/p>\n\n\n\n<h3 class=\"wp-block-heading\">3.5 Des Donn\u00e9es Personnelles sont-elles transf\u00e9r\u00e9es en dehors de l\u2019Espace Economique Europ\u00e9en ?<\/h3>\n\n\n\n<p>Les&nbsp;Donn\u00e9es de l&rsquo;Utilisateur&nbsp;sont trait\u00e9es en France par l\u2019\u00c9diteur.<\/p>\n\n\n\n<h3 class=\"wp-block-heading\">3.6 Combien de temps les Donn\u00e9es sont elles conserv\u00e9es ?<\/h3>\n\n\n\n<p>Les Donn\u00e9es sont conserv\u00e9es pendant toute la dur\u00e9e n\u00e9cessaire \u00e0 la finalit\u00e9 pour laquelle elles ont \u00e9t\u00e9 collect\u00e9es et, en tout \u00e9tat de cause, seront d\u00e9truites \u00e0 l\u2019issue de cette dur\u00e9e.<\/p>\n\n\n\n<ul class=\"wp-block-list\">\n<li>gestion des demandes des Utilisateurs et questions : Dur\u00e9e n\u00e9cessaire \u00e0 la gestion des demandes et questions des Utilisateurs. Les Donn\u00e9es sont ensuite d\u00e9truites.<\/li>\n\n\n\n<li>envoi des newsletters : Dur\u00e9e de l\u2019abonnement de l\u2019Utilisateur. Les donn\u00e9es sont ensuite d\u00e9truites.<\/li>\n\n\n\n<li>s\u00e9curit\u00e9 du Site Internet : 6 mois. Les donn\u00e9es sont ensuite d\u00e9truites.<\/li>\n<\/ul>\n\n\n\n<h2 class=\"wp-block-heading\">4. Quels sont les droits des Utilisateurs ?<\/h2>\n\n\n\n<h3 class=\"wp-block-heading\">4.1 Acc\u00e8s, rectification et portabilit\u00e9<\/h3>\n\n\n\n<p>Conform\u00e9ment \u00e0 la r\u00e9glementation en vigueur, l\u2019Utilisateur dispose d\u2019un droit d\u2019acc\u00e8s \u00e0 ses Donn\u00e9es.<\/p>\n\n\n\n<p>L\u2019Utilisateur a \u00e9galement la possibilit\u00e9 de demander la correction de ses Donn\u00e9es Personnelles qui seraient inexactes. L\u2019Utilisateur peut, dans les limites pr\u00e9vues par la loi, exercer son droit \u00e0 la portabilit\u00e9 des Donn\u00e9es permettant de r\u00e9cup\u00e9rer, dans un format interop\u00e9rable, ses Donn\u00e9es Personnelles qu\u2019il a communiqu\u00e9es \u00e0 l\u2019\u00c9diteur.<\/p>\n\n\n\n<h3 class=\"wp-block-heading\">4.2 Droit \u00e0 l\u2019effacement des Donn\u00e9es et \u00e0 la limitation du traitement des Donn\u00e9es de l&rsquo;Utilisateur<\/h3>\n\n\n\n<p>L\u2019Utilisateur peut demander l\u2019effacement de ses Donn\u00e9es Personnelles lorsqu\u2019il : estime que le traitement de ses Donn\u00e9es Personnelles auquel l\u2019\u00c9diteur proc\u00e8de n\u2019est plus n\u00e9cessaire \u00e0 la r\u00e9alisation des finalit\u00e9s vis\u00e9es dans la pr\u00e9sente charte \u00ab Donn\u00e9es personnelles \u00bb.<\/p>\n\n\n\n<h3 class=\"wp-block-heading\">4.3 Modalit\u00e9s d\u2019exercice des droits en mati\u00e8re de protection des Donn\u00e9es des Utilisateurs<\/h3>\n\n\n\n<p>L\u2019Utilisateur peut exercer ses droits en mati\u00e8re de protection des Donn\u00e9es selon les modalit\u00e9s suivantes : en utilisant le formulaire de contact accessible \u00e0 l\u2019adresse&nbsp;<a href=\"https:\/\/m3c.universita.corsica\/s\/fr\/page\/contact\">https:\/\/m3c.universita.corsica\/s\/fr\/contact<\/a>&nbsp;par courrier \u00e0 l\u2019adresse suivante : D\u00e9l\u00e9gu\u00e9 \u00e0 la Protection des Donn\u00e9es Personnelles de l&rsquo;UMR CNRS 6240 LISA, Universit\u00e0 di Corsica Pasquale Paoli, Avenue Jean Nicoli BP 52, 20250 CORTE<\/p>\n\n\n\n<h2 class=\"wp-block-heading\">5. Cookies<\/h2>\n\n\n\n<p>L\u2019\u00c9diteur utilise des cookies purement techniques afin d\u2019assurer le bon fonctionnement du Site Internet ainsi que des cookies anonymis\u00e9s \u00e0 des fins d\u2019analyses statistiques. Ces cookies ne collectent aucune de Donn\u00e9es Personnelles des Utilisateurs.<\/p>\n","protected":false},"excerpt":{"rendered":"<p>La pr\u00e9sente politique relative \u00e0 la protection des donn\u00e9es personnelles (ci-apr\u00e8s la charte \u00ab Donn\u00e9es personnelles \u00bb) a pour objet d\u2019informer les Utilisateurs (ci-apr\u00e8s \u00ab L\u2019Utilisateur \u00bb) du site Internet&nbsp;https:\/\/m3c.universita.corsica&nbsp;(ci-apr\u00e8s, ensemble, le \u00ab Site Internet \u00bb) sur les modalit\u00e9s selon lesquelles l&rsquo;UMR CNRS 6240 LISA, Universit\u00e0&nbsp;di&nbsp;Corsica Pasquale Paoli, Avenue Jean Nicoli BP 52, 20250 CORTE [&hellip;]<\/p>\n","protected":false},"author":2,"featured_media":0,"parent":0,"menu_order":0,"comment_status":"closed","ping_status":"closed","template":"","meta":{"_acf_changed":false,"footnotes":""},"class_list":["post-626","page","type-page","status-publish","hentry"],"acf":[],"_links":{"self":[{"href":"https:\/\/m3c.universita.corsica\/lumi\/wp-json\/wp\/v2\/pages\/626","targetHints":{"allow":["GET"]}}],"collection":[{"href":"https:\/\/m3c.universita.corsica\/lumi\/wp-json\/wp\/v2\/pages"}],"about":[{"href":"https:\/\/m3c.universita.corsica\/lumi\/wp-json\/wp\/v2\/types\/page"}],"author":[{"embeddable":true,"href":"https:\/\/m3c.universita.corsica\/lumi\/wp-json\/wp\/v2\/users\/2"}],"replies":[{"embeddable":true,"href":"https:\/\/m3c.universita.corsica\/lumi\/wp-json\/wp\/v2\/comments?post=626"}],"version-history":[{"count":0,"href":"https:\/\/m3c.universita.corsica\/lumi\/wp-json\/wp\/v2\/pages\/626\/revisions"}],"wp:attachment":[{"href":"https:\/\/m3c.universita.corsica\/lumi\/wp-json\/wp\/v2\/media?parent=626"}],"curies":[{"name":"wp","href":"https:\/\/api.w.org\/{rel}","templated":true}]}}