{"id":644,"date":"2022-12-14T09:42:48","date_gmt":"2022-12-14T09:42:48","guid":{"rendered":"https:\/\/lumi.albaagency.fr\/?page_id=644"},"modified":"2022-12-16T09:36:25","modified_gmt":"2022-12-16T09:36:25","slug":"contact","status":"publish","type":"page","link":"https:\/\/m3c.universita.corsica\/lumi\/contact\/","title":{"rendered":"Contact"},"content":{"rendered":"\t\t<div data-elementor-type=\"wp-page\" data-elementor-id=\"644\" class=\"elementor elementor-644\" data-elementor-post-type=\"page\">\n\t\t\t\t\t\t<section data-particle_enable=\"false\" data-particle-mobile-disabled=\"false\" class=\"elementor-section elementor-top-section elementor-element elementor-element-7469575c elementor-section-boxed elementor-section-height-default elementor-section-height-default\" data-id=\"7469575c\" data-element_type=\"section\" data-e-type=\"section\">\n\t\t\t\t\t\t<div class=\"elementor-container elementor-column-gap-default\">\n\t\t\t\t\t<div class=\"elementor-column elementor-col-50 elementor-top-column elementor-element elementor-element-1758b1a7\" data-id=\"1758b1a7\" data-element_type=\"column\" data-e-type=\"column\">\n\t\t\t<div class=\"elementor-widget-wrap elementor-element-populated\">\n\t\t\t\t\t\t<div class=\"elementor-element elementor-element-de7de13 elementor-icon-list--layout-traditional elementor-list-item-link-full_width elementor-widget elementor-widget-icon-list\" data-id=\"de7de13\" data-element_type=\"widget\" data-e-type=\"widget\" data-widget_type=\"icon-list.default\">\n\t\t\t\t<div class=\"elementor-widget-container\">\n\t\t\t\t\t\t\t<ul class=\"elementor-icon-list-items\">\n\t\t\t\t\t\t\t<li class=\"elementor-icon-list-item\">\n\t\t\t\t\t\t\t\t\t\t\t<span class=\"elementor-icon-list-icon\">\n\t\t\t\t\t\t\t<i aria-hidden=\"true\" class=\"fas fa-envelope\"><\/i>\t\t\t\t\t\t<\/span>\n\t\t\t\t\t\t\t\t\t\t<span class=\"elementor-icon-list-text\">lumi@universita.corsica<\/span>\n\t\t\t\t\t\t\t\t\t<\/li>\n\t\t\t\t\t\t<\/ul>\n\t\t\t\t\t\t<\/div>\n\t\t\t\t<\/div>\n\t\t\t\t\t<\/div>\n\t\t<\/div>\n\t\t\t\t<div class=\"elementor-column elementor-col-50 elementor-top-column elementor-element elementor-element-3852192\" data-id=\"3852192\" data-element_type=\"column\" data-e-type=\"column\">\n\t\t\t<div class=\"elementor-widget-wrap elementor-element-populated\">\n\t\t\t\t\t\t<div class=\"elementor-element elementor-element-d163aa8 elementor-button-align-stretch elementor-widget elementor-widget-form\" data-id=\"d163aa8\" data-element_type=\"widget\" data-e-type=\"widget\" data-settings=\"{&quot;step_next_label&quot;:&quot;Suivant&quot;,&quot;step_previous_label&quot;:&quot;Pr\\u00e9c\\u00e9dent&quot;,&quot;button_width&quot;:&quot;100&quot;,&quot;step_type&quot;:&quot;number_text&quot;,&quot;step_icon_shape&quot;:&quot;circle&quot;}\" data-widget_type=\"form.default\">\n\t\t\t\t<div class=\"elementor-widget-container\">\n\t\t\t\t\t\t\t<form class=\"elementor-form\" method=\"post\" name=\"Nouveau formulaire\" aria-label=\"Nouveau formulaire\">\n\t\t\t<input type=\"hidden\" name=\"post_id\" value=\"644\"\/>\n\t\t\t<input type=\"hidden\" name=\"form_id\" value=\"d163aa8\"\/>\n\t\t\t<input type=\"hidden\" name=\"referer_title\" value=\"Contact\" \/>\n\n\t\t\t\t\t\t\t<input type=\"hidden\" name=\"queried_id\" value=\"644\"\/>\n\t\t\t\n\t\t\t<div class=\"elementor-form-fields-wrapper elementor-labels-above\">\n\t\t\t\t\t\t\t\t<div class=\"elementor-field-type-text elementor-field-group elementor-column elementor-field-group-name elementor-col-50\">\n\t\t\t\t\t\t\t\t\t\t\t\t\t<input size=\"1\" type=\"text\" name=\"form_fields[name]\" id=\"form-field-name\" class=\"elementor-field elementor-size-sm  elementor-field-textual\" placeholder=\"Nom et Pr\u00e9nom\">\n\t\t\t\t\t\t\t\t\t\t\t<\/div>\n\t\t\t\t\t\t\t\t<div class=\"elementor-field-type-email elementor-field-group elementor-column elementor-field-group-email elementor-col-50 elementor-field-required\">\n\t\t\t\t\t\t\t\t\t\t\t\t\t<input size=\"1\" type=\"email\" name=\"form_fields[email]\" id=\"form-field-email\" class=\"elementor-field elementor-size-sm  elementor-field-textual\" placeholder=\"E-mail\" required=\"required\">\n\t\t\t\t\t\t\t\t\t\t\t<\/div>\n\t\t\t\t\t\t\t\t<div class=\"elementor-field-type-text elementor-field-group elementor-column elementor-field-group-mailObject elementor-col-100 elementor-field-required\">\n\t\t\t\t\t\t\t\t\t\t\t\t\t<input size=\"1\" type=\"text\" name=\"form_fields[mailObject]\" id=\"form-field-mailObject\" class=\"elementor-field elementor-size-sm  elementor-field-textual\" placeholder=\"Objet du message\" required=\"required\">\n\t\t\t\t\t\t\t\t\t\t\t<\/div>\n\t\t\t\t\t\t\t\t<div class=\"elementor-field-type-textarea elementor-field-group elementor-column elementor-field-group-message elementor-col-100\">\n\t\t\t\t\t<textarea class=\"elementor-field-textual elementor-field  elementor-size-sm\" name=\"form_fields[message]\" id=\"form-field-message\" rows=\"4\" placeholder=\"Votre Message\"><\/textarea>\t\t\t\t<\/div>\n\t\t\t\t\t\t\t\t<div class=\"elementor-field-group elementor-column elementor-field-type-submit elementor-col-100 e-form__buttons\">\n\t\t\t\t\t<button class=\"elementor-button elementor-size-sm\" type=\"submit\">\n\t\t\t\t\t\t<span class=\"elementor-button-content-wrapper\">\n\t\t\t\t\t\t\t\t\t\t\t\t\t\t\t\t\t\t\t\t\t\t<span class=\"elementor-button-text\">Envoyer<\/span>\n\t\t\t\t\t\t\t\t\t\t\t\t\t<\/span>\n\t\t\t\t\t<\/button>\n\t\t\t\t<\/div>\n\t\t\t<\/div>\n\t\t<\/form>\n\t\t\t\t\t\t<\/div>\n\t\t\t\t<\/div>\n\t\t\t\t\t<\/div>\n\t\t<\/div>\n\t\t\t\t\t<\/div>\n\t\t<\/section>\n\t\t\t\t<section data-particle_enable=\"false\" data-particle-mobile-disabled=\"false\" class=\"elementor-section elementor-top-section elementor-element elementor-element-0f00a90 elementor-section-full_width elementor-section-height-default elementor-section-height-default\" data-id=\"0f00a90\" data-element_type=\"section\" data-e-type=\"section\" data-settings=\"{&quot;background_background&quot;:&quot;classic&quot;,&quot;background_motion_fx_motion_fx_scrolling&quot;:&quot;yes&quot;,&quot;background_motion_fx_scale_effect&quot;:&quot;yes&quot;,&quot;background_motion_fx_scale_direction&quot;:&quot;out-in&quot;,&quot;background_motion_fx_scale_speed&quot;:{&quot;unit&quot;:&quot;px&quot;,&quot;size&quot;:4,&quot;sizes&quot;:[]},&quot;background_motion_fx_scale_range&quot;:{&quot;unit&quot;:&quot;%&quot;,&quot;size&quot;:&quot;&quot;,&quot;sizes&quot;:{&quot;start&quot;:20,&quot;end&quot;:80}},&quot;background_motion_fx_devices&quot;:[&quot;desktop&quot;,&quot;tablet&quot;,&quot;mobile&quot;]}\">\n\t\t\t\t\t\t\t<div class=\"elementor-background-overlay\"><\/div>\n\t\t\t\t\t\t\t<div class=\"elementor-container elementor-column-gap-default\">\n\t\t\t\t\t<div class=\"elementor-column elementor-col-50 elementor-top-column elementor-element elementor-element-4ed430b\" data-id=\"4ed430b\" data-element_type=\"column\" data-e-type=\"column\">\n\t\t\t<div class=\"elementor-widget-wrap elementor-element-populated\">\n\t\t\t\t\t\t<div class=\"elementor-element elementor-element-65626c4 elementor-widget elementor-widget-heading\" data-id=\"65626c4\" data-element_type=\"widget\" data-e-type=\"widget\" data-widget_type=\"heading.default\">\n\t\t\t\t<div class=\"elementor-widget-container\">\n\t\t\t\t\t<h2 class=\"elementor-heading-title elementor-size-default\">Lumi<\/h2>\t\t\t\t<\/div>\n\t\t\t\t<\/div>\n\t\t\t\t<div class=\"elementor-element elementor-element-7c1214a elementor-widget elementor-widget-text-editor\" data-id=\"7c1214a\" data-element_type=\"widget\" data-e-type=\"widget\" data-widget_type=\"text-editor.default\">\n\t\t\t\t<div class=\"elementor-widget-container\">\n\t\t\t\t\t\t\t\t\t<p>Cette revue s\u2019inscrit dans le sillon scientifique trac\u00e9 depuis 2014 \u00e0 l\u2019Universit\u00e9 de Corse et \u00e0 l\u2019UMR CNRS 6240 LISA, \u00e0 travers le projet Paoli-Napol\u00e9on. Ce dernier a g\u00e9n\u00e9r\u00e9 de nombreux s\u00e9minaires et colloques internationaux organis\u00e9s dans une logique r\u00e9solument transdisciplinaire autour de ces deux grandes figures historiques, mais \u00e9galement des Lumi\u00e8res, des r\u00e9volutions, ainsi que de leurs post\u00e9rit\u00e9s jusqu\u2019\u00e0 nos jours. Les disciplines convoqu\u00e9es \u00e0 travers ces travaux sont nombreuses : histoire, droit, litt\u00e9rature, science politique, histoire des id\u00e9es, histoire de l\u2019imaginaire, mais \u00e9galement \u2013 dans une perspective de valorisation \u2013 les sciences de gestion et le d\u00e9veloppement territorial&#8230;<\/p>\t\t\t\t\t\t\t\t<\/div>\n\t\t\t\t<\/div>\n\t\t\t\t<div class=\"elementor-element elementor-element-1bef2e0 elementor-widget elementor-widget-button\" data-id=\"1bef2e0\" data-element_type=\"widget\" data-e-type=\"widget\" data-widget_type=\"button.default\">\n\t\t\t\t<div class=\"elementor-widget-container\">\n\t\t\t\t\t\t\t\t\t<div class=\"elementor-button-wrapper\">\n\t\t\t\t\t<a class=\"elementor-button elementor-button-link elementor-size-md\" href=\"\/lumi\/presentation\">\n\t\t\t\t\t\t<span class=\"elementor-button-content-wrapper\">\n\t\t\t\t\t\t\t\t\t<span class=\"elementor-button-text\">En savoir plus<\/span>\n\t\t\t\t\t<\/span>\n\t\t\t\t\t<\/a>\n\t\t\t\t<\/div>\n\t\t\t\t\t\t\t\t<\/div>\n\t\t\t\t<\/div>\n\t\t\t\t\t<\/div>\n\t\t<\/div>\n\t\t\t\t<div class=\"elementor-column elementor-col-50 elementor-top-column elementor-element elementor-element-826ebfc\" data-id=\"826ebfc\" data-element_type=\"column\" data-e-type=\"column\">\n\t\t\t<div class=\"elementor-widget-wrap elementor-element-populated\">\n\t\t\t\t\t\t<div class=\"elementor-element elementor-element-511c6d9 elementor-widget elementor-widget-text-editor\" data-id=\"511c6d9\" data-element_type=\"widget\" data-e-type=\"widget\" data-widget_type=\"text-editor.default\">\n\t\t\t\t<div class=\"elementor-widget-container\">\n\t\t\t\t\t\t\t\t\t<p><strong>Rivista di studii nantu \u00e0 l&rsquo;et\u00e0 di i Lumi \u00e8 di e Rivoluzioni, \u00e8 nantu a so pusterit\u00e0.<\/strong><\/p><p>Revue d\u2019\u00e9tudes sur l\u2019\u00e2ge des Lumi\u00e8res et des R\u00e9volutions, ainsi que sur leur post\u00e9rit\u00e9.<\/p><p>Science journal about the age of Enlightment and the Revolutions as well as their posterity.<\/p><p>Rivista di studi sull&rsquo;Et\u00e0 dei Lumi e delle Rivoluzioni, e sulla loro posterit\u00e0.<\/p><p>Rivista de ist\u00f9dios in contu de s&rsquo;edade de sos Lumes e de sas rivolutziones e subra sa posteridade issoro.<\/p><p>Revisi\u00f3 dels estudis sobre la Il\u00b7lustraci\u00f3 i les Revolucions, i sobre la seva posteritat.<\/p><p>Revisi\u00f3n de estudios sobre el Siglo de las Luces y las Revoluciones, as\u00ed como sobre su posteridad.<\/p><p>\u0395\u03c0\u03b9\u03c3\u03c4\u03b7\u03bc\u03bf\u03bd\u03b9\u03ba\u03ae \u03b1\u03bd\u03b1\u03c3\u03ba\u03cc\u03c0\u03b7\u03c3\u03b7 \u03b3\u03b9\u03b1 \u03c4\u03b7\u03bd \u0395\u03c0\u03bf\u03c7\u03ae \u03c4\u03bf\u03c5 \u0394\u03b9\u03b1\u03c6\u03c9\u03c4\u03b9\u03c3\u03bc\u03bf\u03cd \u03ba\u03b1\u03b9 \u03c4\u03b9\u03c2 \u03b5\u03c0\u03b1\u03bd\u03b1\u03c3\u03c4\u03ac\u03c3\u03b5\u03b9\u03c2, \u03ba\u03b1\u03b8\u03ce\u03c2 \u03ba\u03b1\u03b9 \u03c4\u03b9\u03c2 \u03b5\u03c0\u03b9\u03c0\u03c4\u03ce\u03c3\u03b5\u03b9\u03c2 \u03c4\u03bf\u03c5\u03c2.<\/p><p>\u05db\u05ea\u05d1 \u05e2\u05ea \u05de\u05d3\u05e2\u05d9 \u05e2\u05dc \u05e2\u05d9\u05d3\u05df \u05d4\u05e0\u05d0\u05d5\u05e8\u05d5\u05ea \u05d5\u05d4\u05de\u05d4\u05e4\u05db\u05d5\u05ea, \u05db\u05de\u05d5 \u05d2\u05dd \u05d4\u05e9\u05e4\u05e2\u05d5\u05ea\u05d9\u05d4\u05dd.<\/p><p>\u0645\u064e\u062c\u064e\u0644\u0651\u064e\u0629 \u0627\u0644\u062f\u0651\u0650\u0631\u0627\u0633\u064e\u0627\u062a \u062d\u064e\u0648\u0652\u0644\u064e \u0639\u064e\u0635\u0652\u0631\u0650 \u0627\u0644\u062a\u0651\u064e\u0646\u0652\u0648\u0650\u064a\u0631 \u0648\u0627\u0644\u062b\u0651\u064e\u0648\u0652\u0631\u064e\u0627\u062a\u0648\u0627\u0644\u0623\u064e\u062c\u0652\u064a\u0627\u0644 \u0627\u0644\u0644\u0651\u064e\u0627\u062d\u0650\u0642\u064e\u0629<\/p>\t\t\t\t\t\t\t\t<\/div>\n\t\t\t\t<\/div>\n\t\t\t\t\t<\/div>\n\t\t<\/div>\n\t\t\t\t\t<\/div>\n\t\t<\/section>\n\t\t\t\t<\/div>\n\t\t","protected":false},"excerpt":{"rendered":"<p>lumi@universita.corsica Lumi Cette revue s\u2019inscrit dans le sillon scientifique trac\u00e9 depuis 2014 \u00e0 l\u2019Universit\u00e9 de Corse et \u00e0 l\u2019UMR CNRS 6240 LISA, \u00e0 travers le projet Paoli-Napol\u00e9on. Ce dernier a g\u00e9n\u00e9r\u00e9 de nombreux s\u00e9minaires et colloques internationaux organis\u00e9s dans une logique r\u00e9solument transdisciplinaire autour de ces deux grandes figures historiques, mais \u00e9galement des Lumi\u00e8res, des [&hellip;]<\/p>\n","protected":false},"author":2,"featured_media":0,"parent":0,"menu_order":0,"comment_status":"closed","ping_status":"closed","template":"","meta":{"_acf_changed":false,"footnotes":""},"class_list":["post-644","page","type-page","status-publish","hentry"],"acf":[],"_links":{"self":[{"href":"https:\/\/m3c.universita.corsica\/lumi\/wp-json\/wp\/v2\/pages\/644","targetHints":{"allow":["GET"]}}],"collection":[{"href":"https:\/\/m3c.universita.corsica\/lumi\/wp-json\/wp\/v2\/pages"}],"about":[{"href":"https:\/\/m3c.universita.corsica\/lumi\/wp-json\/wp\/v2\/types\/page"}],"author":[{"embeddable":true,"href":"https:\/\/m3c.universita.corsica\/lumi\/wp-json\/wp\/v2\/users\/2"}],"replies":[{"embeddable":true,"href":"https:\/\/m3c.universita.corsica\/lumi\/wp-json\/wp\/v2\/comments?post=644"}],"version-history":[{"count":9,"href":"https:\/\/m3c.universita.corsica\/lumi\/wp-json\/wp\/v2\/pages\/644\/revisions"}],"predecessor-version":[{"id":1116,"href":"https:\/\/m3c.universita.corsica\/lumi\/wp-json\/wp\/v2\/pages\/644\/revisions\/1116"}],"wp:attachment":[{"href":"https:\/\/m3c.universita.corsica\/lumi\/wp-json\/wp\/v2\/media?parent=644"}],"curies":[{"name":"wp","href":"https:\/\/api.w.org\/{rel}","templated":true}]}}