{"id":841,"date":"2022-11-04T11:22:02","date_gmt":"2022-11-04T11:22:02","guid":{"rendered":"https:\/\/lumi.albaagency.fr\/?page_id=11"},"modified":"2026-04-08T15:01:48","modified_gmt":"2026-04-08T15:01:48","slug":"accueil","status":"publish","type":"page","link":"https:\/\/m3c.universita.corsica\/lumi\/","title":{"rendered":"Accueil"},"content":{"rendered":"\t\t<div data-elementor-type=\"wp-page\" data-elementor-id=\"841\" class=\"elementor elementor-841\" data-elementor-post-type=\"page\">\n\t\t\t\t<div data-particle_enable=\"false\" data-particle-mobile-disabled=\"false\" class=\"elementor-element elementor-element-b9e20ef e-con-full e-flex e-con e-parent\" data-id=\"b9e20ef\" data-element_type=\"container\" data-e-type=\"container\" data-settings=\"{&quot;background_background&quot;:&quot;classic&quot;}\">\n\t\t<a data-particle_enable=\"false\" data-particle-mobile-disabled=\"false\" class=\"elementor-element elementor-element-406dd4f e-con-full e-flex e-con e-child\" data-id=\"406dd4f\" data-element_type=\"container\" data-e-type=\"container\" data-settings=\"{&quot;background_background&quot;:&quot;classic&quot;}\" href=\"https:\/\/m3c.universita.corsica\/lumi\/category\/numero7\/\">\n\t\t\t\t<div class=\"elementor-element elementor-element-18f0ecc elementor-widget elementor-widget-heading\" data-id=\"18f0ecc\" data-element_type=\"widget\" data-e-type=\"widget\" data-widget_type=\"heading.default\">\n\t\t\t\t<div class=\"elementor-widget-container\">\n\t\t\t\t\t<h2 class=\"elementor-heading-title elementor-size-default\">N\u00b07 : Que faire de l\u2019h\u00e9ritage des Lumi\u00e8res ?<\/h2>\t\t\t\t<\/div>\n\t\t\t\t<\/div>\n\t\t\t\t<\/a>\n\t\t\t\t<\/div>\n\t\t<div data-particle_enable=\"false\" data-particle-mobile-disabled=\"false\" class=\"elementor-element elementor-element-db8d614 e-flex e-con-boxed e-con e-parent\" data-id=\"db8d614\" data-element_type=\"container\" data-e-type=\"container\">\n\t\t\t\t\t<div class=\"e-con-inner\">\n\t\t\t\t<div class=\"elementor-element elementor-element-968f139 elementor-widget elementor-widget-heading\" data-id=\"968f139\" data-element_type=\"widget\" data-e-type=\"widget\" data-widget_type=\"heading.default\">\n\t\t\t\t<div class=\"elementor-widget-container\">\n\t\t\t\t\t<h2 class=\"elementor-heading-title elementor-size-default\">Derniers num\u00e9ros<\/h2>\t\t\t\t<\/div>\n\t\t\t\t<\/div>\n\t\t\t\t\t<\/div>\n\t\t\t\t<\/div>\n\t\t<div data-particle_enable=\"false\" data-particle-mobile-disabled=\"false\" class=\"elementor-element elementor-element-a1809bf e-flex e-con-boxed e-con e-parent\" data-id=\"a1809bf\" data-element_type=\"container\" data-e-type=\"container\">\n\t\t\t\t\t<div class=\"e-con-inner\">\n\t\t<div data-particle_enable=\"false\" data-particle-mobile-disabled=\"false\" class=\"elementor-element elementor-element-e2128db e-con-full e-flex e-con e-child\" data-id=\"e2128db\" data-element_type=\"container\" data-e-type=\"container\">\n\t\t\t\t<div class=\"elementor-element elementor-element-e66fa42 content-align-cta-default eael-cta-overlay-yes elementor-widget elementor-widget-eael-cta-box\" data-id=\"e66fa42\" data-element_type=\"widget\" data-e-type=\"widget\" data-widget_type=\"eael-cta-box.default\">\n\t\t\t\t<div class=\"elementor-widget-container\">\n\t\t\t\t\t\t\t<div class=\"eael-call-to-action cta-basic bg-img cta-preset-1\">\n        <h4 class=\"sub-title\">N\u00b07<\/h4><h2 class=\"title eael-cta-heading\">Que faire de l\u2019h\u00e9ritage des Lumi\u00e8res ?<\/h2><p>Janvier 2026<\/p><a href=\"https:\/\/m3c.universita.corsica\/lumi\/category\/numero7\/\" class=\"cta-button cta-preset-1  \">Voir le num\u00e9ro<\/a>\t<\/div>\n\t\t\t\t\t\t\t\t<\/div>\n\t\t\t\t<\/div>\n\t\t\t\t<div class=\"elementor-element elementor-element-8e1a84c content-align-cta-default eael-cta-overlay-yes elementor-widget elementor-widget-eael-cta-box\" data-id=\"8e1a84c\" data-element_type=\"widget\" data-e-type=\"widget\" data-widget_type=\"eael-cta-box.default\">\n\t\t\t\t<div class=\"elementor-widget-container\">\n\t\t\t\t\t\t\t<div class=\"eael-call-to-action cta-basic bg-img cta-preset-1\">\n        <h4 class=\"sub-title\">N\u00b05<\/h4><h2 class=\"title eael-cta-heading\">Religions et la\u00efcit\u00e9s<\/h2><p>Janvier 2025<\/p><a href=\"https:\/\/m3c.universita.corsica\/lumi\/category\/numero5\/\" class=\"cta-button cta-preset-1  \">Voir le num\u00e9ro<\/a>\t<\/div>\n\t\t\t\t\t\t\t\t<\/div>\n\t\t\t\t<\/div>\n\t\t\t\t<\/div>\n\t\t<div data-particle_enable=\"false\" data-particle-mobile-disabled=\"false\" class=\"elementor-element elementor-element-533fcda e-con-full e-flex e-con e-child\" data-id=\"533fcda\" data-element_type=\"container\" data-e-type=\"container\">\n\t\t\t\t<div class=\"elementor-element elementor-element-00357e1 content-align-cta-default eael-cta-overlay-yes elementor-widget elementor-widget-eael-cta-box\" data-id=\"00357e1\" data-element_type=\"widget\" data-e-type=\"widget\" data-widget_type=\"eael-cta-box.default\">\n\t\t\t\t<div class=\"elementor-widget-container\">\n\t\t\t\t\t\t\t<div class=\"eael-call-to-action cta-basic bg-img cta-preset-1\">\n        <h4 class=\"sub-title\">N\u00b06<\/h4><h2 class=\"title eael-cta-heading\">Le \u00ab droit au bonheur \u00bb, une id\u00e9e toujours neuve ?<\/h2><p>Juillet 2025<\/p><a href=\"https:\/\/m3c.universita.corsica\/lumi\/category\/numero6\/\" class=\"cta-button cta-preset-1  \">Voir le num\u00e9ro<\/a>\t<\/div>\n\t\t\t\t\t\t\t\t<\/div>\n\t\t\t\t<\/div>\n\t\t\t\t<div class=\"elementor-element elementor-element-783e5f4 content-align-cta-default eael-cta-overlay-yes elementor-widget elementor-widget-eael-cta-box\" data-id=\"783e5f4\" data-element_type=\"widget\" data-e-type=\"widget\" data-widget_type=\"eael-cta-box.default\">\n\t\t\t\t<div class=\"elementor-widget-container\">\n\t\t\t\t\t\t\t<div class=\"eael-call-to-action cta-basic bg-img cta-preset-1\">\n        <h4 class=\"sub-title\">N\u00b04<\/h4><h2 class=\"title eael-cta-heading\">L\u2019\u00c9ducation une affaire d\u2019\u00c9tat ?<\/h2><p>Juillet 2024<\/p><a href=\"https:\/\/m3c.universita.corsica\/lumi\/category\/numero4\/\" class=\"cta-button cta-preset-1  \">Voir le num\u00e9ro<\/a>\t<\/div>\n\t\t\t\t\t\t\t\t<\/div>\n\t\t\t\t<\/div>\n\t\t\t\t<\/div>\n\t\t<div data-particle_enable=\"false\" data-particle-mobile-disabled=\"false\" class=\"elementor-element elementor-element-3d89ee5 e-con-full e-flex e-con e-child\" data-id=\"3d89ee5\" data-element_type=\"container\" data-e-type=\"container\">\n\t\t\t\t<\/div>\n\t\t<div data-particle_enable=\"false\" data-particle-mobile-disabled=\"false\" class=\"elementor-element elementor-element-08fea9c e-con-full e-flex e-con e-child\" data-id=\"08fea9c\" data-element_type=\"container\" data-e-type=\"container\">\n\t\t\t\t<\/div>\n\t\t\t\t\t<\/div>\n\t\t\t\t<\/div>\n\t\t<div data-particle_enable=\"false\" data-particle-mobile-disabled=\"false\" class=\"elementor-element elementor-element-19592bb e-flex e-con-boxed e-con e-parent\" data-id=\"19592bb\" data-element_type=\"container\" data-e-type=\"container\">\n\t\t\t\t\t<div class=\"e-con-inner\">\n\t\t<div data-particle_enable=\"false\" data-particle-mobile-disabled=\"false\" class=\"elementor-element elementor-element-98a1228 e-con-full e-flex e-con e-child\" data-id=\"98a1228\" data-element_type=\"container\" data-e-type=\"container\">\n\t\t\t\t<div class=\"elementor-element elementor-element-551f3c5 elementor-align-center elementor-widget elementor-widget-button\" data-id=\"551f3c5\" data-element_type=\"widget\" data-e-type=\"widget\" data-widget_type=\"button.default\">\n\t\t\t\t<div class=\"elementor-widget-container\">\n\t\t\t\t\t\t\t\t\t<div class=\"elementor-button-wrapper\">\n\t\t\t\t\t<a class=\"elementor-button elementor-button-link elementor-size-sm\" href=\"https:\/\/lumi.univ-corse.fr\/numeros\/\">\n\t\t\t\t\t\t<span class=\"elementor-button-content-wrapper\">\n\t\t\t\t\t\t\t\t\t<span class=\"elementor-button-text\">Tous les num\u00e9ros<\/span>\n\t\t\t\t\t<\/span>\n\t\t\t\t\t<\/a>\n\t\t\t\t<\/div>\n\t\t\t\t\t\t\t\t<\/div>\n\t\t\t\t<\/div>\n\t\t\t\t<\/div>\n\t\t\t\t\t<\/div>\n\t\t\t\t<\/div>\n\t\t<div data-particle_enable=\"false\" data-particle-mobile-disabled=\"false\" class=\"elementor-element elementor-element-54926e4 e-flex e-con-boxed e-con e-parent\" data-id=\"54926e4\" data-element_type=\"container\" data-e-type=\"container\">\n\t\t\t\t\t<div class=\"e-con-inner\">\n\t\t\t\t<div class=\"elementor-element elementor-element-606b76b elementor-widget elementor-widget-heading\" data-id=\"606b76b\" data-element_type=\"widget\" data-e-type=\"widget\" data-widget_type=\"heading.default\">\n\t\t\t\t<div class=\"elementor-widget-container\">\n\t\t\t\t\t<h2 class=\"elementor-heading-title elementor-size-default\">Hors-S\u00e9rie<\/h2>\t\t\t\t<\/div>\n\t\t\t\t<\/div>\n\t\t\t\t\t<\/div>\n\t\t\t\t<\/div>\n\t\t<div data-particle_enable=\"false\" data-particle-mobile-disabled=\"false\" class=\"elementor-element elementor-element-719e9af e-flex e-con-boxed e-con e-parent\" data-id=\"719e9af\" data-element_type=\"container\" data-e-type=\"container\">\n\t\t\t\t\t<div class=\"e-con-inner\">\n\t\t<div data-particle_enable=\"false\" data-particle-mobile-disabled=\"false\" class=\"elementor-element elementor-element-99162b2 e-con-full e-flex e-con e-child\" data-id=\"99162b2\" data-element_type=\"container\" data-e-type=\"container\">\n\t\t\t\t<div class=\"elementor-element elementor-element-324ed9b content-align-cta-default eael-cta-overlay-yes elementor-widget elementor-widget-eael-cta-box\" data-id=\"324ed9b\" data-element_type=\"widget\" data-e-type=\"widget\" data-widget_type=\"eael-cta-box.default\">\n\t\t\t\t<div class=\"elementor-widget-container\">\n\t\t\t\t\t\t\t<div class=\"eael-call-to-action cta-basic bg-img cta-preset-1\">\n        <h4 class=\"sub-title\">N\u00b01<\/h4><h2 class=\"title eael-cta-heading\">Napol\u00e9on et la Corse<\/h2><p>Juillet 2025<\/p><a href=\"https:\/\/m3c.universita.corsica\/lumi\/category\/hors-serie-1\/\" class=\"cta-button cta-preset-1  \">Voir le num\u00e9ro<\/a>\t<\/div>\n\t\t\t\t\t\t\t\t<\/div>\n\t\t\t\t<\/div>\n\t\t\t\t<\/div>\n\t\t<div data-particle_enable=\"false\" data-particle-mobile-disabled=\"false\" class=\"elementor-element elementor-element-cd81c8c e-con-full e-flex e-con e-child\" data-id=\"cd81c8c\" data-element_type=\"container\" data-e-type=\"container\">\n\t\t\t\t<\/div>\n\t\t\t\t\t<\/div>\n\t\t\t\t<\/div>\n\t\t<div data-particle_enable=\"false\" data-particle-mobile-disabled=\"false\" class=\"elementor-element elementor-element-930da43 e-flex e-con-boxed e-con e-parent\" data-id=\"930da43\" data-element_type=\"container\" data-e-type=\"container\" data-settings=\"{&quot;background_background&quot;:&quot;classic&quot;}\">\n\t\t\t\t\t<div class=\"e-con-inner\">\n\t\t<div data-particle_enable=\"false\" data-particle-mobile-disabled=\"false\" class=\"elementor-element elementor-element-ba4528d e-con-full e-flex e-con e-child\" data-id=\"ba4528d\" data-element_type=\"container\" data-e-type=\"container\">\n\t\t\t\t<div class=\"elementor-element elementor-element-89a76b4 elementor-widget elementor-widget-heading\" data-id=\"89a76b4\" data-element_type=\"widget\" data-e-type=\"widget\" data-widget_type=\"heading.default\">\n\t\t\t\t<div class=\"elementor-widget-container\">\n\t\t\t\t\t<h2 class=\"elementor-heading-title elementor-size-default\">Lumi<\/h2>\t\t\t\t<\/div>\n\t\t\t\t<\/div>\n\t\t\t\t<div class=\"elementor-element elementor-element-2dfcbe3 elementor-widget elementor-widget-text-editor\" data-id=\"2dfcbe3\" data-element_type=\"widget\" data-e-type=\"widget\" data-widget_type=\"text-editor.default\">\n\t\t\t\t<div class=\"elementor-widget-container\">\n\t\t\t\t\t\t\t\t\t<p>Cette revue s&rsquo;inscrit dans le sillon scientifique trac\u00e9 depuis 2014 \u00e0 l&rsquo;Universit\u00e9 de Corse et \u00e0 l&rsquo;UMR CNRS Lisa, \u00e0 travers le programme Paoli-Napol\u00e9on. Ce dernier a g\u00e9n\u00e9r\u00e9 de nombreux s\u00e9minaires et colloques internationaux organis\u00e9s dans une logique r\u00e9solument interdisciplinaire autour de ces deux grandes figures historiques, mais \u00e9galement des Lumi\u00e8res, des r\u00e9volutions, ainsi que de leurs post\u00e9rit\u00e9s jusqu&rsquo;\u00e0 nos jours. Les disciplines convoqu\u00e9es \u00e0 travers ces travaux sont nombreuses : histoire, droit, litt\u00e9rature, science politique, histoire des id\u00e9es, histoire de l&rsquo;imaginaire, mais \u00e9galement \u2013 dans une perspective de valorisation \u2013 les sciences de gestion et le d\u00e9veloppement territorial&#8230;<\/p>\t\t\t\t\t\t\t\t<\/div>\n\t\t\t\t<\/div>\n\t\t\t\t<div class=\"elementor-element elementor-element-2eac111 elementor-widget elementor-widget-button\" data-id=\"2eac111\" data-element_type=\"widget\" data-e-type=\"widget\" data-widget_type=\"button.default\">\n\t\t\t\t<div class=\"elementor-widget-container\">\n\t\t\t\t\t\t\t\t\t<div class=\"elementor-button-wrapper\">\n\t\t\t\t\t<a class=\"elementor-button elementor-button-link elementor-size-sm\" href=\"https:\/\/m3c.universita.corsica\/lumi\/presentation\/\">\n\t\t\t\t\t\t<span class=\"elementor-button-content-wrapper\">\n\t\t\t\t\t\t\t\t\t<span class=\"elementor-button-text\">En savoir plus<\/span>\n\t\t\t\t\t<\/span>\n\t\t\t\t\t<\/a>\n\t\t\t\t<\/div>\n\t\t\t\t\t\t\t\t<\/div>\n\t\t\t\t<\/div>\n\t\t\t\t<\/div>\n\t\t<div data-particle_enable=\"false\" data-particle-mobile-disabled=\"false\" class=\"elementor-element elementor-element-089e7c1 e-con-full e-flex e-con e-child\" data-id=\"089e7c1\" data-element_type=\"container\" data-e-type=\"container\">\n\t\t\t\t<div class=\"elementor-element elementor-element-af3cb31 elementor-widget elementor-widget-text-editor\" data-id=\"af3cb31\" data-element_type=\"widget\" data-e-type=\"widget\" data-widget_type=\"text-editor.default\">\n\t\t\t\t<div class=\"elementor-widget-container\">\n\t\t\t\t\t\t\t\t\t<p>Rivista di studii nantu \u00e0 l&rsquo;et\u00e0 di i Lumi \u00e8 di e Rivoluzioni, \u00e8 nantu a so pusterit\u00e0.<\/p><p>Revue d\u2019\u00e9tudes sur l\u2019\u00e2ge des Lumi\u00e8res et des R\u00e9volutions, ainsi que sur leur post\u00e9rit\u00e9.<\/p><p>Science journal about the age of Enlightment and the Revolutions as well as their posterity.<\/p><p>Rivista di studi sull&rsquo;Et\u00e0 dei Lumi e delle Rivoluzioni, e sulla loro posterit\u00e0.<\/p><p>Rivista de ist\u00f9dios in contu de s&rsquo;edade de sos Lumes e de sas rivolutziones e subra sa posteridade issoro.<\/p><p>Revista dels estudis sobre la Il\u00b7lustraci\u00f3 i les Revolucions, i sobre la seva posteritat.<\/p><p>Revista de estudios sobre el Siglo de las Luces y las Revoluciones, as\u00ed como sobre su posteridad.<\/p><p>\u0395\u03c0\u03b9\u03c3\u03c4\u03b7\u03bc\u03bf\u03bd\u03b9\u03ba\u03ae \u03b1\u03bd\u03b1\u03c3\u03ba\u03cc\u03c0\u03b7\u03c3\u03b7 \u03b3\u03b9\u03b1 \u03c4\u03b7\u03bd \u0395\u03c0\u03bf\u03c7\u03ae \u03c4\u03bf\u03c5 \u0394\u03b9\u03b1\u03c6\u03c9\u03c4\u03b9\u03c3\u03bc\u03bf\u03cd \u03ba\u03b1\u03b9 \u03c4\u03b9\u03c2 \u03b5\u03c0\u03b1\u03bd\u03b1\u03c3\u03c4\u03ac\u03c3\u03b5\u03b9\u03c2, \u03ba\u03b1\u03b8\u03ce\u03c2 \u03ba\u03b1\u03b9 \u03c4\u03b9\u03c2 \u03b5\u03c0\u03b9\u03c0\u03c4\u03ce\u03c3\u03b5\u03b9\u03c2 \u03c4\u03bf\u03c5\u03c2.<\/p><p>\u05db\u05ea\u05d1 \u05e2\u05ea \u05de\u05d3\u05e2\u05d9 \u05e2\u05dc \u05e2\u05d9\u05d3\u05df \u05d4\u05e0\u05d0\u05d5\u05e8\u05d5\u05ea \u05d5\u05d4\u05de\u05d4\u05e4\u05db\u05d5\u05ea, \u05db\u05de\u05d5 \u05d2\u05dd \u05d4\u05e9\u05e4\u05e2\u05d5\u05ea\u05d9\u05d4\u05dd.<\/p><p>\u0645\u064e\u062c\u064e\u0644\u0651\u064e\u0629 \u0627\u0644\u062f\u0651\u0650\u0631\u0627\u0633\u064e\u0627\u062a \u062d\u064e\u0648\u0652\u0644\u064e \u0639\u064e\u0635\u0652\u0631\u0650 \u0627\u0644\u062a\u0651\u064e\u0646\u0652\u0648\u0650\u064a\u0631 \u0648\u0627\u0644\u062b\u0651\u064e\u0648\u0652\u0631\u064e\u0627\u062a\u0648\u0627\u0644\u0623\u064e\u062c\u0652\u064a\u0627\u0644 \u0627\u0644\u0644\u0651\u064e\u0627\u062d\u0650\u0642\u064e\u0629<\/p>\t\t\t\t\t\t\t\t<\/div>\n\t\t\t\t<\/div>\n\t\t\t\t<\/div>\n\t\t\t\t\t<\/div>\n\t\t\t\t<\/div>\n\t\t\t\t<\/div>\n\t\t","protected":false},"excerpt":{"rendered":"<p>N\u00b07 : Que faire de l\u2019h\u00e9ritage des Lumi\u00e8res ? Derniers num\u00e9ros N\u00b07 Que faire de l\u2019h\u00e9ritage des Lumi\u00e8res ? Janvier 2026 Voir le num\u00e9ro N\u00b05 Religions et la\u00efcit\u00e9s Janvier 2025 Voir le num\u00e9ro N\u00b06 Le \u00ab droit au bonheur \u00bb, une id\u00e9e toujours neuve ? Juillet 2025 Voir le num\u00e9ro N\u00b04 L\u2019\u00c9ducation une affaire d\u2019\u00c9tat [&hellip;]<\/p>\n","protected":false},"author":2,"featured_media":0,"parent":0,"menu_order":0,"comment_status":"closed","ping_status":"closed","template":"","meta":{"_acf_changed":false,"footnotes":""},"class_list":["post-841","page","type-page","status-publish","hentry"],"acf":[],"_links":{"self":[{"href":"https:\/\/m3c.universita.corsica\/lumi\/wp-json\/wp\/v2\/pages\/841","targetHints":{"allow":["GET"]}}],"collection":[{"href":"https:\/\/m3c.universita.corsica\/lumi\/wp-json\/wp\/v2\/pages"}],"about":[{"href":"https:\/\/m3c.universita.corsica\/lumi\/wp-json\/wp\/v2\/types\/page"}],"author":[{"embeddable":true,"href":"https:\/\/m3c.universita.corsica\/lumi\/wp-json\/wp\/v2\/users\/2"}],"replies":[{"embeddable":true,"href":"https:\/\/m3c.universita.corsica\/lumi\/wp-json\/wp\/v2\/comments?post=841"}],"version-history":[{"count":156,"href":"https:\/\/m3c.universita.corsica\/lumi\/wp-json\/wp\/v2\/pages\/841\/revisions"}],"predecessor-version":[{"id":5371,"href":"https:\/\/m3c.universita.corsica\/lumi\/wp-json\/wp\/v2\/pages\/841\/revisions\/5371"}],"wp:attachment":[{"href":"https:\/\/m3c.universita.corsica\/lumi\/wp-json\/wp\/v2\/media?parent=841"}],"curies":[{"name":"wp","href":"https:\/\/api.w.org\/{rel}","templated":true}]}}